{"id":11,"date":"2026-01-19T15:27:43","date_gmt":"2026-01-19T15:27:43","guid":{"rendered":"http:\/\/keba-voyance.fr\/?page_id=11"},"modified":"2026-01-20T17:25:40","modified_gmt":"2026-01-20T17:25:40","slug":"voyant-africain-a-chartres","status":"publish","type":"page","link":"http:\/\/keba-voyance.fr\/index.php\/voyant-africain-a-chartres\/","title":{"rendered":"Voyant africain \u00e0 Chartres"},"content":{"rendered":"\n<div class=\"wp-block-cover alignfull\" style=\"min-height:518px;aspect-ratio:unset;\"><img decoding=\"async\" class=\"wp-block-cover__image-background wp-image-2480\" alt=\"\" src=\"https:\/\/tyler.com\/wp-content\/uploads\/2023\/11\/View-Services-Hero-Image.jpeg\" style=\"object-position:50% 51%\" data-object-fit=\"cover\" data-object-position=\"50% 51%\"\/><span aria-hidden=\"true\" class=\"wp-block-cover__background has-background-dim\"><\/span><div class=\"wp-block-cover__inner-container has-global-padding is-layout-constrained wp-container-core-cover-is-layout-4383d167 wp-block-cover-is-layout-constrained\">\n<h2 class=\"wp-block-heading has-text-align-center has-text-color has-link-color has-suranna-font-family wp-elements-3266569270d41fe10bc6c56dac97f235\" style=\"color:#ffffff;font-size:clamp(33.419px, 2.089rem + ((1vw - 3.2px) * 3.021), 60px);font-style:normal;font-weight:500\">Voyant Africain \u00e0 Chartres :<\/h2>\n\n\n\n<p class=\"has-text-align-center\"> Une vision claire de votre avenir. Anticiper pour mieux agir gr\u00e2ce aux arts divinatoires<\/p>\n<\/div><\/div>\n\n\n\n<div class=\"wp-block-group alignfull has-global-padding is-layout-constrained wp-container-core-group-is-layout-4383d167 wp-block-group-is-layout-constrained\">\n<div class=\"wp-block-group alignwide has-global-padding is-layout-constrained wp-container-core-group-is-layout-3dead192 wp-block-group-is-layout-constrained\" style=\"margin-top:0;margin-bottom:0;padding-top:80px;padding-bottom:80px\">\n<div class=\"wp-block-columns alignwide is-layout-flex wp-container-core-columns-is-layout-9cf8123d wp-block-columns-is-layout-flex\">\n<div class=\"wp-block-column is-layout-flow wp-block-column-is-layout-flow\">\n<figure class=\"wp-block-image size-full\"><img loading=\"lazy\" decoding=\"async\" width=\"736\" height=\"736\" src=\"http:\/\/keba-voyance.fr\/wp-content\/uploads\/2026\/01\/Velvet-Tonka-Black-2-Wick.jpeg\" alt=\"\" class=\"wp-image-70\" style=\"aspect-ratio:4\/3;object-fit:cover\" srcset=\"http:\/\/keba-voyance.fr\/wp-content\/uploads\/2026\/01\/Velvet-Tonka-Black-2-Wick.jpeg 736w, http:\/\/keba-voyance.fr\/wp-content\/uploads\/2026\/01\/Velvet-Tonka-Black-2-Wick-300x300.jpeg 300w, http:\/\/keba-voyance.fr\/wp-content\/uploads\/2026\/01\/Velvet-Tonka-Black-2-Wick-150x150.jpeg 150w\" sizes=\"auto, (max-width: 736px) 100vw, 736px\" \/><\/figure>\n<\/div>\n\n\n\n<div class=\"wp-block-column is-vertically-aligned-center is-layout-flow wp-block-column-is-layout-flow\" style=\"padding-left:15px\">\n<h2 class=\"wp-block-heading has-text-color has-link-color has-suranna-font-family wp-elements-78a0e837129d3a88ee33b282fc80b9c1\" style=\"color:#000000;font-size:clamp(24.034px, 1.502rem + ((1vw - 3.2px) * 1.814), 40px);font-style:normal;font-weight:500;line-height:0.7\">Voyant africain <\/h2>\n\n\n\n<p class=\"has-text-color has-link-color has-outfit-font-family wp-elements-f41a488b600ed2c5167f64f4ceef6fe5\" style=\"color:#000000;font-size:clamp(14px, 0.875rem + ((1vw - 3.2px) * 0.455), 18px);font-style:normal;font-weight:400\">La <strong>voyance africaine<\/strong> n&rsquo;est pas une simple pr\u00e9diction, c&rsquo;est une guidance spirituelle. Le Professeur Keba utilise ses flashs et sa connexion avec le monde invisible pour \u00e9clairer les zones d&rsquo;ombre de votre vie. Que ce soit pour une d\u00e9cision de carri\u00e8re, une interrogation sur votre foyer ou une intuition \u00e0 confirmer, le Ma\u00eetre utilise ses dons de <strong>m\u00e9dium pur<\/strong> pour vous apporter des r\u00e9ponses pr\u00e9cises.<\/p>\n\n\n\n<div class=\"wp-block-buttons is-layout-flex wp-block-buttons-is-layout-flex\">\n<div class=\"wp-block-button\"><a class=\"wp-block-button__link has-text-color has-background has-link-color has-outfit-font-family has-custom-font-size wp-element-button\" href=\"tel:0635942428\" style=\"border-radius:0px;color:#ffffff;background-color:#528d8e;padding-top:8px;padding-right:60px;padding-bottom:8px;padding-left:60px;font-size:clamp(14px, 0.875rem + ((1vw - 3.2px) * 0.455), 18px);\">Appellez-nous<\/a><\/div>\n<\/div>\n<\/div>\n<\/div>\n\n\n\n<div class=\"wp-block-columns alignwide is-layout-flex wp-container-core-columns-is-layout-f9472849 wp-block-columns-is-layout-flex\" style=\"padding-top:80px;padding-bottom:80px\">\n<div class=\"wp-block-column is-vertically-aligned-center is-layout-flow wp-block-column-is-layout-flow\" style=\"padding-right:15px\">\n<h2 class=\"wp-block-heading has-text-color has-link-color has-suranna-font-family wp-elements-45ffdeccbeb023f839d11c42647721bd\" style=\"color:#000000;font-size:clamp(24.034px, 1.502rem + ((1vw - 3.2px) * 1.814), 40px);font-style:normal;font-weight:500;line-height:1\">La pr\u00e9cision d&rsquo;un Grand Ma\u00eetre des sciences occultes<\/h2>\n\n\n\n<p class=\"has-text-color has-link-color has-outfit-font-family wp-elements-4097df69a79bb6287d62cef6760260cf\" style=\"color:#000000;font-size:clamp(14px, 0.875rem + ((1vw - 3.2px) * 0.455), 18px);font-style:normal;font-weight:400\">Lorem ipsum dolor sit amet, consectetur adipiscing elit. In rhoncus rutrum vehicula. Mauris placerat in sem non interdum. Duis faucibus vehicula neque pellentesque accumsan. Praesent euismod purus at tristique vehicula. Pellentesque habitant morbi tristique senectus et netus et malesuada fames ac turpis egestas. Maecenas id dui vel enim pulvinar pretium ac sit amet nisl. Proin efficitur magna nec molestie facilisis. Quisque interdum elementum lacus sit amet volutpat. Suspendisse vehicula ut dolor et laoreet. Duis facilisis arcu at scelerisque rhoncus. Nulla facilisi.<\/p>\n\n\n\n<div class=\"wp-block-buttons is-layout-flex wp-block-buttons-is-layout-flex\">\n<div class=\"wp-block-button\"><a class=\"wp-block-button__link has-text-color has-background has-link-color has-outfit-font-family has-custom-font-size wp-element-button\" href=\"http:\/\/keba-voyance.fr\/index.php\/contact\/\" style=\"border-radius:0px;color:#ffffff;background-color:#528d8e;padding-top:8px;padding-right:60px;padding-bottom:8px;padding-left:60px;font-size:clamp(14px, 0.875rem + ((1vw - 3.2px) * 0.455), 18px);\">Etre contacter <\/a><\/div>\n<\/div>\n<\/div>\n\n\n\n<div class=\"wp-block-column is-layout-flow wp-block-column-is-layout-flow\">\n<figure class=\"wp-block-image size-full\"><img loading=\"lazy\" decoding=\"async\" width=\"736\" height=\"1104\" src=\"http:\/\/keba-voyance.fr\/wp-content\/uploads\/2026\/01\/Un-accessoire-sacre-qui-amplifie-la-connexion-aux-energies-subtiles-\ud83c\udf0c.jpeg\" alt=\"Voyant africain expert\" class=\"wp-image-77\" style=\"aspect-ratio:4\/3;object-fit:cover\" srcset=\"http:\/\/keba-voyance.fr\/wp-content\/uploads\/2026\/01\/Un-accessoire-sacre-qui-amplifie-la-connexion-aux-energies-subtiles-\ud83c\udf0c.jpeg 736w, http:\/\/keba-voyance.fr\/wp-content\/uploads\/2026\/01\/Un-accessoire-sacre-qui-amplifie-la-connexion-aux-energies-subtiles-\ud83c\udf0c-200x300.jpeg 200w, http:\/\/keba-voyance.fr\/wp-content\/uploads\/2026\/01\/Un-accessoire-sacre-qui-amplifie-la-connexion-aux-energies-subtiles-\ud83c\udf0c-683x1024.jpeg 683w\" sizes=\"auto, (max-width: 736px) 100vw, 736px\" \/><\/figure>\n<\/div>\n<\/div>\n\n\n\n<div class=\"wp-block-columns alignwide is-layout-flex wp-container-core-columns-is-layout-9cf8123d wp-block-columns-is-layout-flex\">\n<div class=\"wp-block-column is-layout-flow wp-block-column-is-layout-flow\">\n<figure class=\"wp-block-image size-full\"><img loading=\"lazy\" decoding=\"async\" width=\"720\" height=\"720\" src=\"http:\/\/keba-voyance.fr\/wp-content\/uploads\/2026\/01\/7.jpeg\" alt=\"\" class=\"wp-image-62\" style=\"aspect-ratio:4\/3;object-fit:cover\" srcset=\"http:\/\/keba-voyance.fr\/wp-content\/uploads\/2026\/01\/7.jpeg 720w, http:\/\/keba-voyance.fr\/wp-content\/uploads\/2026\/01\/7-300x300.jpeg 300w, http:\/\/keba-voyance.fr\/wp-content\/uploads\/2026\/01\/7-150x150.jpeg 150w\" sizes=\"auto, (max-width: 720px) 100vw, 720px\" \/><\/figure>\n<\/div>\n\n\n\n<div class=\"wp-block-column is-vertically-aligned-center is-layout-flow wp-block-column-is-layout-flow\" style=\"padding-left:15px\">\n<h2 class=\"wp-block-heading has-text-color has-link-color has-suranna-font-family wp-elements-176eaec7ea6b608502ca2ed6f40ef08e\" style=\"color:#000000;font-size:clamp(24.034px, 1.502rem + ((1vw - 3.2px) * 1.814), 40px);font-style:normal;font-weight:500;line-height:1\">Consultation de voyance africaine s\u00e9rieuse et fiable<\/h2>\n\n\n\n<p class=\"has-text-color has-link-color has-outfit-font-family wp-elements-b8489e5e4d58a1555168aa7a7de15278\" style=\"color:#000000;font-size:clamp(14px, 0.875rem + ((1vw - 3.2px) * 0.455), 18px);font-style:normal;font-weight:400\">Le Professeur Keba est un&nbsp;<strong>voyant africain \u00e0 Chartres<\/strong>&nbsp;reconnu pour la justesse de ses pr\u00e9dictions et la clart\u00e9 de ses visions. Sa voyance repose sur des pratiques spirituelles africaines authentiques, loin des m\u00e9thodes approximatives.<\/p>\n\n\n\n<p class=\"has-text-color has-link-color has-outfit-font-family wp-elements-737bc39dfbf5d9cbd51172b343504a89\" style=\"color:#000000;font-size:clamp(14px, 0.875rem + ((1vw - 3.2px) * 0.455), 18px);font-style:normal;font-weight:400\">Gr\u00e2ce \u00e0 son don de m\u00e9diumnit\u00e9, il per\u00e7oit les \u00e9v\u00e9nements pass\u00e9s, pr\u00e9sents et futurs afin de vous guider avec pr\u00e9cision dans vos choix de vie.<\/p>\n\n\n\n<div class=\"wp-block-buttons is-layout-flex wp-block-buttons-is-layout-flex\">\n<div class=\"wp-block-button\"><a class=\"wp-block-button__link has-text-color has-background has-link-color has-outfit-font-family has-custom-font-size wp-element-button\" href=\"http:\/\/keba-voyance.fr\/index.php\/contact\/\" style=\"border-radius:0px;color:#ffffff;background-color:#528d8e;padding-top:8px;padding-right:60px;padding-bottom:8px;padding-left:60px;font-size:clamp(14px, 0.875rem + ((1vw - 3.2px) * 0.455), 18px);\">Contact<\/a><\/div>\n<\/div>\n<\/div>\n<\/div>\n<\/div>\n<\/div>\n\n\n\n<section class=\"wp-block-cover alignfull is-light\" style=\"margin-top:0px;padding-top:1.01rem;padding-bottom:1.01rem;min-height:750px;aspect-ratio:unset;\"><img decoding=\"async\" class=\"wp-block-cover__image-background wp-image-718\" alt=\"\" src=\"https:\/\/tyler.com\/wp-content\/uploads\/2023\/11\/view-banner3.jpg\" style=\"object-position:50% 49%\" data-object-fit=\"cover\" data-object-position=\"50% 49%\"\/><span aria-hidden=\"true\" class=\"wp-block-cover__background has-background-dim-0 has-background-dim\" style=\"background-color:#edf1f2\"><\/span><div class=\"wp-block-cover__inner-container has-global-padding is-layout-constrained wp-container-core-cover-is-layout-08e95c49 wp-block-cover-is-layout-constrained\">\n<div class=\"wp-block-group is-vertical is-content-justification-center is-nowrap is-layout-flex wp-container-core-group-is-layout-36c4bdba wp-block-group-is-layout-flex\" style=\"margin-top:0px;padding-top:0rem;padding-right:1rem;padding-bottom:0rem;padding-left:1rem;font-size:clamp(0.875rem, 0.875rem + ((1vw - 0.2rem) * 0.464), 1.13rem);font-style:normal;font-weight:400;line-height:1.4\">\n<div class=\"wp-block-group has-background has-global-padding is-layout-constrained wp-container-core-group-is-layout-1a95df51 wp-block-group-is-layout-constrained\" style=\"background-color:#fffffd;padding-top:4.21rem;padding-right:2.51rem;padding-bottom:4.51rem;padding-left:2.51rem\">\n<h2 class=\"wp-block-heading has-text-align-center has-text-color\" style=\"color:#010101;margin-bottom:0rem;font-size:clamp(1.888rem, 1.888rem + ((1vw - 0.2rem) * 2.585), 3.31rem);font-style:normal;font-weight:400;line-height:1.2\">Avis client<\/h2>\n\n\n\n<p class=\"has-text-align-center has-text-color\" style=\"color:#010101;font-size:clamp(0.875rem, 0.875rem + ((1vw - 0.2rem) * 0.609), 1.21rem);line-height:1.5\">\u00ab\u00a0Je ne croyais pas vraiment en la voyance, mais les pr\u00e9dictions du Professeur Keba se sont toutes r\u00e9alis\u00e9es. Son don est authentique et ses conseils sont pr\u00e9cieux. Une rencontre qui a chang\u00e9 ma vie.\u00a0\u00bb<\/p>\n\n\n\n<p class=\"has-text-align-center has-text-color has-link-color wp-elements-9ea287ef5d1c8a2256d46961c7938b5c\" style=\"color:#000000;margin-top:2.01rem;font-size:clamp(0.879rem, 0.879rem + ((1vw - 0.2rem) * 0.784), 1.31rem);font-style:normal;font-weight:500;text-transform:uppercase\">\u2014 Sophie M., Paris<\/p>\n<\/div>\n<\/div>\n<\/div><\/section>\n","protected":false},"excerpt":{"rendered":"<p>Voyant africain La voyance africaine n&rsquo;est pas une simple pr\u00e9diction, c&rsquo;est une guidance spirituelle. Le Professeur Keba utilise ses flashs et sa connexion avec le monde invisible pour \u00e9clairer les zones d&rsquo;ombre de votre vie. Que ce soit pour une d\u00e9cision de carri\u00e8re, une interrogation sur votre foyer ou une intuition \u00e0 confirmer, le Ma\u00eetre [&hellip;]<\/p>\n","protected":false},"author":1,"featured_media":0,"parent":0,"menu_order":0,"comment_status":"closed","ping_status":"closed","template":"","meta":{"footnotes":""},"class_list":["post-11","page","type-page","status-publish","hentry"],"yoast_head":"<!-- This site is optimized with the Yoast SEO plugin v26.7 - https:\/\/yoast.com\/wordpress\/plugins\/seo\/ -->\n<title>Voyant africain \u00e0 Chartres - Professeur Keba voyant africain<\/title>\n<meta name=\"robots\" content=\"index, follow, max-snippet:-1, max-image-preview:large, max-video-preview:-1\" \/>\n<link rel=\"canonical\" href=\"http:\/\/keba-voyance.fr\/index.php\/voyant-africain-a-chartres\/\" \/>\n<meta property=\"og:locale\" content=\"fr_FR\" \/>\n<meta property=\"og:type\" content=\"article\" \/>\n<meta property=\"og:title\" content=\"Voyant africain \u00e0 Chartres - Professeur Keba voyant africain\" \/>\n<meta property=\"og:description\" content=\"Voyant africain La voyance africaine n&rsquo;est pas une simple pr\u00e9diction, c&rsquo;est une guidance spirituelle. Le Professeur Keba utilise ses flashs et sa connexion avec le monde invisible pour \u00e9clairer les zones d&rsquo;ombre de votre vie. Que ce soit pour une d\u00e9cision de carri\u00e8re, une interrogation sur votre foyer ou une intuition \u00e0 confirmer, le Ma\u00eetre [&hellip;]\" \/>\n<meta property=\"og:url\" content=\"http:\/\/keba-voyance.fr\/index.php\/voyant-africain-a-chartres\/\" \/>\n<meta property=\"og:site_name\" content=\"Professeur Keba voyant africain\" \/>\n<meta property=\"article:modified_time\" content=\"2026-01-20T17:25:40+00:00\" \/>\n<meta property=\"og:image\" content=\"https:\/\/tyler.com\/wp-content\/uploads\/2023\/11\/View-Services-Hero-Image.jpeg\" \/>\n<meta name=\"twitter:card\" content=\"summary_large_image\" \/>\n<meta name=\"twitter:label1\" content=\"Dur\u00e9e de lecture estim\u00e9e\" \/>\n\t<meta name=\"twitter:data1\" content=\"3 minutes\" \/>\n<script type=\"application\/ld+json\" class=\"yoast-schema-graph\">{\"@context\":\"https:\/\/schema.org\",\"@graph\":[{\"@type\":\"WebPage\",\"@id\":\"http:\/\/keba-voyance.fr\/index.php\/voyant-africain-a-chartres\/\",\"url\":\"http:\/\/keba-voyance.fr\/index.php\/voyant-africain-a-chartres\/\",\"name\":\"Voyant africain \u00e0 Chartres - Professeur Keba voyant africain\",\"isPartOf\":{\"@id\":\"https:\/\/keba-voyance.fr\/#website\"},\"primaryImageOfPage\":{\"@id\":\"http:\/\/keba-voyance.fr\/index.php\/voyant-africain-a-chartres\/#primaryimage\"},\"image\":{\"@id\":\"http:\/\/keba-voyance.fr\/index.php\/voyant-africain-a-chartres\/#primaryimage\"},\"thumbnailUrl\":\"https:\/\/tyler.com\/wp-content\/uploads\/2023\/11\/View-Services-Hero-Image.jpeg\",\"datePublished\":\"2026-01-19T15:27:43+00:00\",\"dateModified\":\"2026-01-20T17:25:40+00:00\",\"breadcrumb\":{\"@id\":\"http:\/\/keba-voyance.fr\/index.php\/voyant-africain-a-chartres\/#breadcrumb\"},\"inLanguage\":\"fr-FR\",\"potentialAction\":[{\"@type\":\"ReadAction\",\"target\":[\"http:\/\/keba-voyance.fr\/index.php\/voyant-africain-a-chartres\/\"]}]},{\"@type\":\"ImageObject\",\"inLanguage\":\"fr-FR\",\"@id\":\"http:\/\/keba-voyance.fr\/index.php\/voyant-africain-a-chartres\/#primaryimage\",\"url\":\"https:\/\/tyler.com\/wp-content\/uploads\/2023\/11\/View-Services-Hero-Image.jpeg\",\"contentUrl\":\"https:\/\/tyler.com\/wp-content\/uploads\/2023\/11\/View-Services-Hero-Image.jpeg\"},{\"@type\":\"BreadcrumbList\",\"@id\":\"http:\/\/keba-voyance.fr\/index.php\/voyant-africain-a-chartres\/#breadcrumb\",\"itemListElement\":[{\"@type\":\"ListItem\",\"position\":1,\"name\":\"Accueil\",\"item\":\"https:\/\/keba-voyance.fr\/\"},{\"@type\":\"ListItem\",\"position\":2,\"name\":\"Voyant africain \u00e0 Chartres\"}]},{\"@type\":\"WebSite\",\"@id\":\"https:\/\/keba-voyance.fr\/#website\",\"url\":\"https:\/\/keba-voyance.fr\/\",\"name\":\"Professeur Keba voyant africain\",\"description\":\"Votre satisfaction est notre priorit\u00e9\",\"publisher\":{\"@id\":\"https:\/\/keba-voyance.fr\/#organization\"},\"potentialAction\":[{\"@type\":\"SearchAction\",\"target\":{\"@type\":\"EntryPoint\",\"urlTemplate\":\"https:\/\/keba-voyance.fr\/?s={search_term_string}\"},\"query-input\":{\"@type\":\"PropertyValueSpecification\",\"valueRequired\":true,\"valueName\":\"search_term_string\"}}],\"inLanguage\":\"fr-FR\"},{\"@type\":\"Organization\",\"@id\":\"https:\/\/keba-voyance.fr\/#organization\",\"name\":\"Professeur Keba voyant africain\",\"url\":\"https:\/\/keba-voyance.fr\/\",\"logo\":{\"@type\":\"ImageObject\",\"inLanguage\":\"fr-FR\",\"@id\":\"https:\/\/keba-voyance.fr\/#\/schema\/logo\/image\/\",\"url\":\"http:\/\/keba-voyance.fr\/wp-content\/uploads\/2026\/01\/Logo-mystique-de-Professeur-Keba.png\",\"contentUrl\":\"http:\/\/keba-voyance.fr\/wp-content\/uploads\/2026\/01\/Logo-mystique-de-Professeur-Keba.png\",\"width\":1024,\"height\":1024,\"caption\":\"Professeur Keba voyant africain\"},\"image\":{\"@id\":\"https:\/\/keba-voyance.fr\/#\/schema\/logo\/image\/\"}}]}<\/script>\n<!-- \/ Yoast SEO plugin. -->","yoast_head_json":{"title":"Voyant africain \u00e0 Chartres - Professeur Keba voyant africain","robots":{"index":"index","follow":"follow","max-snippet":"max-snippet:-1","max-image-preview":"max-image-preview:large","max-video-preview":"max-video-preview:-1"},"canonical":"http:\/\/keba-voyance.fr\/index.php\/voyant-africain-a-chartres\/","og_locale":"fr_FR","og_type":"article","og_title":"Voyant africain \u00e0 Chartres - Professeur Keba voyant africain","og_description":"Voyant africain La voyance africaine n&rsquo;est pas une simple pr\u00e9diction, c&rsquo;est une guidance spirituelle. Le Professeur Keba utilise ses flashs et sa connexion avec le monde invisible pour \u00e9clairer les zones d&rsquo;ombre de votre vie. Que ce soit pour une d\u00e9cision de carri\u00e8re, une interrogation sur votre foyer ou une intuition \u00e0 confirmer, le Ma\u00eetre [&hellip;]","og_url":"http:\/\/keba-voyance.fr\/index.php\/voyant-africain-a-chartres\/","og_site_name":"Professeur Keba voyant africain","article_modified_time":"2026-01-20T17:25:40+00:00","og_image":[{"url":"https:\/\/tyler.com\/wp-content\/uploads\/2023\/11\/View-Services-Hero-Image.jpeg","type":"","width":"","height":""}],"twitter_card":"summary_large_image","twitter_misc":{"Dur\u00e9e de lecture estim\u00e9e":"3 minutes"},"schema":{"@context":"https:\/\/schema.org","@graph":[{"@type":"WebPage","@id":"http:\/\/keba-voyance.fr\/index.php\/voyant-africain-a-chartres\/","url":"http:\/\/keba-voyance.fr\/index.php\/voyant-africain-a-chartres\/","name":"Voyant africain \u00e0 Chartres - Professeur Keba voyant africain","isPartOf":{"@id":"https:\/\/keba-voyance.fr\/#website"},"primaryImageOfPage":{"@id":"http:\/\/keba-voyance.fr\/index.php\/voyant-africain-a-chartres\/#primaryimage"},"image":{"@id":"http:\/\/keba-voyance.fr\/index.php\/voyant-africain-a-chartres\/#primaryimage"},"thumbnailUrl":"https:\/\/tyler.com\/wp-content\/uploads\/2023\/11\/View-Services-Hero-Image.jpeg","datePublished":"2026-01-19T15:27:43+00:00","dateModified":"2026-01-20T17:25:40+00:00","breadcrumb":{"@id":"http:\/\/keba-voyance.fr\/index.php\/voyant-africain-a-chartres\/#breadcrumb"},"inLanguage":"fr-FR","potentialAction":[{"@type":"ReadAction","target":["http:\/\/keba-voyance.fr\/index.php\/voyant-africain-a-chartres\/"]}]},{"@type":"ImageObject","inLanguage":"fr-FR","@id":"http:\/\/keba-voyance.fr\/index.php\/voyant-africain-a-chartres\/#primaryimage","url":"https:\/\/tyler.com\/wp-content\/uploads\/2023\/11\/View-Services-Hero-Image.jpeg","contentUrl":"https:\/\/tyler.com\/wp-content\/uploads\/2023\/11\/View-Services-Hero-Image.jpeg"},{"@type":"BreadcrumbList","@id":"http:\/\/keba-voyance.fr\/index.php\/voyant-africain-a-chartres\/#breadcrumb","itemListElement":[{"@type":"ListItem","position":1,"name":"Accueil","item":"https:\/\/keba-voyance.fr\/"},{"@type":"ListItem","position":2,"name":"Voyant africain \u00e0 Chartres"}]},{"@type":"WebSite","@id":"https:\/\/keba-voyance.fr\/#website","url":"https:\/\/keba-voyance.fr\/","name":"Professeur Keba voyant africain","description":"Votre satisfaction est notre priorit\u00e9","publisher":{"@id":"https:\/\/keba-voyance.fr\/#organization"},"potentialAction":[{"@type":"SearchAction","target":{"@type":"EntryPoint","urlTemplate":"https:\/\/keba-voyance.fr\/?s={search_term_string}"},"query-input":{"@type":"PropertyValueSpecification","valueRequired":true,"valueName":"search_term_string"}}],"inLanguage":"fr-FR"},{"@type":"Organization","@id":"https:\/\/keba-voyance.fr\/#organization","name":"Professeur Keba voyant africain","url":"https:\/\/keba-voyance.fr\/","logo":{"@type":"ImageObject","inLanguage":"fr-FR","@id":"https:\/\/keba-voyance.fr\/#\/schema\/logo\/image\/","url":"http:\/\/keba-voyance.fr\/wp-content\/uploads\/2026\/01\/Logo-mystique-de-Professeur-Keba.png","contentUrl":"http:\/\/keba-voyance.fr\/wp-content\/uploads\/2026\/01\/Logo-mystique-de-Professeur-Keba.png","width":1024,"height":1024,"caption":"Professeur Keba voyant africain"},"image":{"@id":"https:\/\/keba-voyance.fr\/#\/schema\/logo\/image\/"}}]}},"_links":{"self":[{"href":"http:\/\/keba-voyance.fr\/index.php\/wp-json\/wp\/v2\/pages\/11","targetHints":{"allow":["GET"]}}],"collection":[{"href":"http:\/\/keba-voyance.fr\/index.php\/wp-json\/wp\/v2\/pages"}],"about":[{"href":"http:\/\/keba-voyance.fr\/index.php\/wp-json\/wp\/v2\/types\/page"}],"author":[{"embeddable":true,"href":"http:\/\/keba-voyance.fr\/index.php\/wp-json\/wp\/v2\/users\/1"}],"replies":[{"embeddable":true,"href":"http:\/\/keba-voyance.fr\/index.php\/wp-json\/wp\/v2\/comments?post=11"}],"version-history":[{"count":6,"href":"http:\/\/keba-voyance.fr\/index.php\/wp-json\/wp\/v2\/pages\/11\/revisions"}],"predecessor-version":[{"id":135,"href":"http:\/\/keba-voyance.fr\/index.php\/wp-json\/wp\/v2\/pages\/11\/revisions\/135"}],"wp:attachment":[{"href":"http:\/\/keba-voyance.fr\/index.php\/wp-json\/wp\/v2\/media?parent=11"}],"curies":[{"name":"wp","href":"https:\/\/api.w.org\/{rel}","templated":true}]}}