{"id":13,"date":"2026-01-19T15:28:10","date_gmt":"2026-01-19T15:28:10","guid":{"rendered":"http:\/\/keba-voyance.fr\/?page_id=13"},"modified":"2026-01-20T17:23:19","modified_gmt":"2026-01-20T17:23:19","slug":"marabout-africain-puissant","status":"publish","type":"page","link":"http:\/\/keba-voyance.fr\/index.php\/marabout-africain-puissant\/","title":{"rendered":"Marabout africain puissant"},"content":{"rendered":"\n<div class=\"wp-block-cover alignfull\" style=\"min-height:439px;aspect-ratio:unset;\"><img decoding=\"async\" class=\"wp-block-cover__image-background wp-image-2480\" alt=\"\" src=\"https:\/\/tyler.com\/wp-content\/uploads\/2023\/11\/View-Services-Hero-Image.jpeg\" style=\"object-position:50% 51%\" data-object-fit=\"cover\" data-object-position=\"50% 51%\"\/><span aria-hidden=\"true\" class=\"wp-block-cover__background has-background-dim\"><\/span><div class=\"wp-block-cover__inner-container has-global-padding is-layout-constrained wp-container-core-cover-is-layout-4383d167 wp-block-cover-is-layout-constrained\">\n<h2 class=\"wp-block-heading has-text-align-center has-text-color has-link-color has-suranna-font-family wp-elements-e855d26fb065e2f15313f2d26b6f4ba7\" style=\"color:#ffffff;font-size:clamp(33.419px, 2.089rem + ((1vw - 3.2px) * 3.021), 60px);font-style:normal;font-weight:500\">Marabout Africain \u00e0 Chartres :<\/h2>\n\n\n\n<p class=\"has-text-align-center\"> Gu\u00e9risseur et Ma\u00eetre du D\u00e9senvo\u00fbtement<\/p>\n<\/div><\/div>\n\n\n\n<div class=\"wp-block-group alignfull has-global-padding is-layout-constrained wp-container-core-group-is-layout-4383d167 wp-block-group-is-layout-constrained\">\n<div class=\"wp-block-group alignwide has-global-padding is-layout-constrained wp-container-core-group-is-layout-3dead192 wp-block-group-is-layout-constrained\" style=\"margin-top:0;margin-bottom:0;padding-top:80px;padding-bottom:80px\">\n<div class=\"wp-block-columns alignwide is-layout-flex wp-container-core-columns-is-layout-9cf8123d wp-block-columns-is-layout-flex\">\n<div class=\"wp-block-column is-layout-flow wp-block-column-is-layout-flow\">\n<figure class=\"wp-block-image size-large\"><img loading=\"lazy\" decoding=\"async\" width=\"583\" height=\"1024\" src=\"http:\/\/keba-voyance.fr\/wp-content\/uploads\/2026\/01\/Opon-Ifa-1-583x1024.jpeg\" alt=\"\" class=\"wp-image-73\" style=\"aspect-ratio:3\/4;object-fit:cover\" srcset=\"http:\/\/keba-voyance.fr\/wp-content\/uploads\/2026\/01\/Opon-Ifa-1-583x1024.jpeg 583w, http:\/\/keba-voyance.fr\/wp-content\/uploads\/2026\/01\/Opon-Ifa-1-171x300.jpeg 171w, http:\/\/keba-voyance.fr\/wp-content\/uploads\/2026\/01\/Opon-Ifa-1.jpeg 736w\" sizes=\"auto, (max-width: 583px) 100vw, 583px\" \/><\/figure>\n<\/div>\n\n\n\n<div class=\"wp-block-column is-vertically-aligned-center is-layout-flow wp-block-column-is-layout-flow\" style=\"padding-left:15px\">\n<h2 class=\"wp-block-heading has-text-color has-link-color has-suranna-font-family wp-elements-a01bbf7d0c0b2559fb64afe24a29366e\" style=\"color:#000000;font-size:clamp(24.034px, 1.502rem + ((1vw - 3.2px) * 1.814), 40px);font-style:normal;font-weight:500;line-height:1\">Se lib\u00e9rer des mal\u00e9dictions et des ondes n\u00e9gatives<\/h2>\n\n\n\n<p class=\"has-text-color has-link-color has-outfit-font-family wp-elements-fa3b8315d2a7ab3d9659a1fe808f5708\" style=\"color:#000000;font-size:clamp(14px, 0.875rem + ((1vw - 3.2px) * 0.455), 18px);font-style:normal;font-weight:400\">Le malheur n&rsquo;est pas une fatalit\u00e9. Si vous avez l&rsquo;impression d&rsquo;\u00eatre victime d&rsquo;une s\u00e9rie noire, d&rsquo;un <strong>mauvais sort<\/strong> ou de jalousies dissimul\u00e9es, le Professeur Keba intervient avec des rituels de nettoyage puissants. En tant que <strong>marabout gu\u00e9risseur<\/strong>, il poss\u00e8de la connaissance des plantes et des incantations sacr\u00e9es pour briser les cha\u00eenes de l&rsquo;envo\u00fbtement.<\/p>\n\n\n\n<div class=\"wp-block-buttons is-layout-flex wp-block-buttons-is-layout-flex\">\n<div class=\"wp-block-button\"><a class=\"wp-block-button__link has-text-color has-background has-link-color has-outfit-font-family has-custom-font-size wp-element-button\" href=\"http:\/\/keba-voyance.fr\/index.php\/contact\/\" style=\"border-radius:0px;color:#ffffff;background-color:#528d8e;padding-top:8px;padding-right:60px;padding-bottom:8px;padding-left:60px;font-size:clamp(14px, 0.875rem + ((1vw - 3.2px) * 0.455), 18px);\">Contact<\/a><\/div>\n<\/div>\n<\/div>\n<\/div>\n\n\n\n<div class=\"wp-block-columns alignwide is-layout-flex wp-container-core-columns-is-layout-f9472849 wp-block-columns-is-layout-flex\" style=\"padding-top:80px;padding-bottom:80px\">\n<div class=\"wp-block-column is-vertically-aligned-center is-layout-flow wp-block-column-is-layout-flow\" style=\"padding-right:15px\">\n<h2 class=\"wp-block-heading has-text-color has-link-color has-suranna-font-family wp-elements-aeef98d8ba977a090bfc4e2cbe80e04d\" style=\"color:#000000;font-size:clamp(24.034px, 1.502rem + ((1vw - 3.2px) * 1.814), 40px);font-style:normal;font-weight:500;line-height:1\">Protection durable contre le mauvais \u0153il et la magie noire<\/h2>\n\n\n\n<p class=\"has-text-color has-link-color has-outfit-font-family wp-elements-4f40408d990b80e5d4fab53e5bc66188\" style=\"color:#000000;font-size:clamp(14px, 0.875rem + ((1vw - 3.2px) * 0.455), 18px);font-style:normal;font-weight:400\">Le travail du Professeur Keba ne s&rsquo;arr\u00eate pas \u00e0 la lib\u00e9ration. Il cr\u00e9e autour de vous et de votre famille un <strong>bouclier spirituel<\/strong> inviolable. Gr\u00e2ce \u00e0 la m\u00e9decine traditionnelle africaine, il r\u00e9\u00e9quilibre vos \u00e9nergies pour attirer \u00e0 nouveau la chance et la s\u00e9r\u00e9nit\u00e9 au sein de votre foyer \u00e0 Chartres ou partout en France.<\/p>\n\n\n\n<div class=\"wp-block-buttons is-layout-flex wp-block-buttons-is-layout-flex\">\n<div class=\"wp-block-button\"><a class=\"wp-block-button__link has-text-color has-background has-link-color has-outfit-font-family has-custom-font-size wp-element-button\" href=\"tel:0635942428\" style=\"border-radius:0px;color:#ffffff;background-color:#528d8e;padding-top:8px;padding-right:60px;padding-bottom:8px;padding-left:60px;font-size:clamp(14px, 0.875rem + ((1vw - 3.2px) * 0.455), 18px);\">Appelle-moi<\/a><\/div>\n<\/div>\n<\/div>\n\n\n\n<div class=\"wp-block-column is-layout-flow wp-block-column-is-layout-flow\">\n<figure class=\"wp-block-image size-large\"><img loading=\"lazy\" decoding=\"async\" width=\"683\" height=\"1024\" src=\"http:\/\/keba-voyance.fr\/wp-content\/uploads\/2026\/01\/Rituel-sacree-683x1024.jpeg\" alt=\"\" class=\"wp-image-67\" style=\"aspect-ratio:4\/3;object-fit:cover\" srcset=\"http:\/\/keba-voyance.fr\/wp-content\/uploads\/2026\/01\/Rituel-sacree-683x1024.jpeg 683w, http:\/\/keba-voyance.fr\/wp-content\/uploads\/2026\/01\/Rituel-sacree-200x300.jpeg 200w, http:\/\/keba-voyance.fr\/wp-content\/uploads\/2026\/01\/Rituel-sacree.jpeg 736w\" sizes=\"auto, (max-width: 683px) 100vw, 683px\" \/><\/figure>\n<\/div>\n<\/div>\n\n\n\n<div class=\"wp-block-columns alignwide is-layout-flex wp-container-core-columns-is-layout-9cf8123d wp-block-columns-is-layout-flex\">\n<div class=\"wp-block-column is-layout-flow wp-block-column-is-layout-flow\">\n<figure class=\"wp-block-image size-full is-resized\"><img loading=\"lazy\" decoding=\"async\" width=\"314\" height=\"320\" src=\"http:\/\/keba-voyance.fr\/wp-content\/uploads\/2026\/01\/LE-SAVON-MYSTIQUE-DE-PURIFICATION-ET-DE-DES-ENVOUTEMENT.jpeg\" alt=\"\" class=\"wp-image-71\" style=\"aspect-ratio:1.3333333333333333;object-fit:cover;width:516px;height:auto\" srcset=\"http:\/\/keba-voyance.fr\/wp-content\/uploads\/2026\/01\/LE-SAVON-MYSTIQUE-DE-PURIFICATION-ET-DE-DES-ENVOUTEMENT.jpeg 314w, http:\/\/keba-voyance.fr\/wp-content\/uploads\/2026\/01\/LE-SAVON-MYSTIQUE-DE-PURIFICATION-ET-DE-DES-ENVOUTEMENT-294x300.jpeg 294w\" sizes=\"auto, (max-width: 314px) 100vw, 314px\" \/><\/figure>\n<\/div>\n\n\n\n<div class=\"wp-block-column is-vertically-aligned-center is-layout-flow wp-block-column-is-layout-flow\" style=\"padding-left:15px\">\n<h2 class=\"wp-block-heading has-text-color has-link-color has-suranna-font-family wp-elements-6ff4520ca6d28e1d5c22d97e2c4d7088\" style=\"color:#000000;font-size:clamp(24.034px, 1.502rem + ((1vw - 3.2px) * 1.814), 40px);font-style:normal;font-weight:500;line-height:1\">Marabout africain reconnu pour r\u00e9sultats rapides<\/h2>\n\n\n\n<p>En tant que&nbsp;<strong>marabout africain puissant<\/strong>, le Professeur Keba intervient lorsque les situations semblent bloqu\u00e9es malgr\u00e9 tous les efforts entrepris. Son expertise repose sur des rituels africains anciens, transmis par de grands ma\u00eetres spirituels.<\/p>\n\n\n\n<ul class=\"wp-block-list\">\n<li>Il est particuli\u00e8rement sollicit\u00e9 pour :<\/li>\n\n\n\n<li>Restaurer l\u2019\u00e9quilibre spirituel<\/li>\n\n\n\n<li>D\u00e9bloquer une situation impossible<\/li>\n\n\n\n<li>Attirer la chance et la r\u00e9ussite<\/li>\n\n\n\n<li>Prot\u00e9ger contre les \u00e9nergies n\u00e9gatives<\/li>\n<\/ul>\n\n\n\n<div class=\"wp-block-buttons is-layout-flex wp-block-buttons-is-layout-flex\">\n<div class=\"wp-block-button\"><a class=\"wp-block-button__link has-text-color has-background has-link-color has-outfit-font-family has-custom-font-size wp-element-button\" href=\"http:\/\/keba-voyance.fr\/index.php\/contact\/\" style=\"border-radius:0px;color:#ffffff;background-color:#528d8e;padding-top:8px;padding-right:60px;padding-bottom:8px;padding-left:60px;font-size:clamp(14px, 0.875rem + ((1vw - 3.2px) * 0.455), 18px);\">Contact<\/a><\/div>\n<\/div>\n<\/div>\n<\/div>\n<\/div>\n<\/div>\n\n\n\n<section class=\"wp-block-cover alignfull is-light\" style=\"margin-top:0px;padding-top:1.01rem;padding-bottom:1.01rem;min-height:750px;aspect-ratio:unset;\"><img decoding=\"async\" class=\"wp-block-cover__image-background wp-image-718\" alt=\"\" src=\"https:\/\/tyler.com\/wp-content\/uploads\/2023\/11\/view-banner3.jpg\" style=\"object-position:50% 49%\" data-object-fit=\"cover\" data-object-position=\"50% 49%\"\/><span aria-hidden=\"true\" class=\"wp-block-cover__background has-background-dim-0 has-background-dim\" style=\"background-color:#edf1f2\"><\/span><div class=\"wp-block-cover__inner-container has-global-padding is-layout-constrained wp-container-core-cover-is-layout-08e95c49 wp-block-cover-is-layout-constrained\">\n<div class=\"wp-block-group is-vertical is-content-justification-center is-nowrap is-layout-flex wp-container-core-group-is-layout-36c4bdba wp-block-group-is-layout-flex\" style=\"margin-top:0px;padding-top:0rem;padding-right:1rem;padding-bottom:0rem;padding-left:1rem;font-size:clamp(0.875rem, 0.875rem + ((1vw - 0.2rem) * 0.464), 1.13rem);font-style:normal;font-weight:400;line-height:1.4\">\n<div class=\"wp-block-group has-background has-global-padding is-layout-constrained wp-container-core-group-is-layout-1a95df51 wp-block-group-is-layout-constrained\" style=\"background-color:#fffffd;padding-top:4.21rem;padding-right:2.51rem;padding-bottom:4.51rem;padding-left:2.51rem\">\n<h2 class=\"wp-block-heading has-text-align-center has-text-color\" style=\"color:#010101;margin-bottom:0rem;font-size:clamp(1.888rem, 1.888rem + ((1vw - 0.2rem) * 2.585), 3.31rem);font-style:normal;font-weight:400;line-height:1.2\">Avis Client<\/h2>\n\n\n\n<p class=\"has-text-align-center has-text-color\" style=\"color:#010101;font-size:clamp(0.875rem, 0.875rem + ((1vw - 0.2rem) * 0.609), 1.21rem);line-height:1.5\">\u00ab\u00a0Le s\u00e9rieux et l&rsquo;efficacit\u00e9 du Professeur Keba sont remarquables. Il m&rsquo;a aid\u00e9 \u00e0 d\u00e9bloquer ma situation professionnelle qui stagnait depuis des ann\u00e9es. Aujourd&rsquo;hui, j&rsquo;ai obtenu la promotion que je m\u00e9ritais. Merci infiniment !\u00a0\u00bb<\/p>\n\n\n\n<p class=\"has-text-align-center has-text-color has-link-color wp-elements-68157606cdfef96b7bd4880608f03a12\" style=\"color:#000000;margin-top:2.01rem;font-size:clamp(0.879rem, 0.879rem + ((1vw - 0.2rem) * 0.784), 1.31rem);font-style:normal;font-weight:500;text-transform:uppercase\">\u2014 Jean-Pierre D., Orl\u00e9ans<\/p>\n<\/div>\n<\/div>\n<\/div><\/section>\n","protected":false},"excerpt":{"rendered":"<p>Se lib\u00e9rer des mal\u00e9dictions et des ondes n\u00e9gatives Le malheur n&rsquo;est pas une fatalit\u00e9. Si vous avez l&rsquo;impression d&rsquo;\u00eatre victime d&rsquo;une s\u00e9rie noire, d&rsquo;un mauvais sort ou de jalousies dissimul\u00e9es, le Professeur Keba intervient avec des rituels de nettoyage puissants. En tant que marabout gu\u00e9risseur, il poss\u00e8de la connaissance des plantes et des incantations sacr\u00e9es [&hellip;]<\/p>\n","protected":false},"author":1,"featured_media":0,"parent":0,"menu_order":0,"comment_status":"closed","ping_status":"closed","template":"","meta":{"footnotes":""},"class_list":["post-13","page","type-page","status-publish","hentry"],"yoast_head":"<!-- This site is optimized with the Yoast SEO plugin v26.7 - https:\/\/yoast.com\/wordpress\/plugins\/seo\/ -->\n<title>Marabout africain puissant - Professeur Keba voyant africain<\/title>\n<meta name=\"robots\" content=\"index, follow, max-snippet:-1, max-image-preview:large, max-video-preview:-1\" \/>\n<link rel=\"canonical\" href=\"http:\/\/keba-voyance.fr\/index.php\/marabout-africain-puissant\/\" \/>\n<meta property=\"og:locale\" content=\"fr_FR\" \/>\n<meta property=\"og:type\" content=\"article\" \/>\n<meta property=\"og:title\" content=\"Marabout africain puissant - Professeur Keba voyant africain\" \/>\n<meta property=\"og:description\" content=\"Se lib\u00e9rer des mal\u00e9dictions et des ondes n\u00e9gatives Le malheur n&rsquo;est pas une fatalit\u00e9. Si vous avez l&rsquo;impression d&rsquo;\u00eatre victime d&rsquo;une s\u00e9rie noire, d&rsquo;un mauvais sort ou de jalousies dissimul\u00e9es, le Professeur Keba intervient avec des rituels de nettoyage puissants. En tant que marabout gu\u00e9risseur, il poss\u00e8de la connaissance des plantes et des incantations sacr\u00e9es [&hellip;]\" \/>\n<meta property=\"og:url\" content=\"http:\/\/keba-voyance.fr\/index.php\/marabout-africain-puissant\/\" \/>\n<meta property=\"og:site_name\" content=\"Professeur Keba voyant africain\" \/>\n<meta property=\"article:modified_time\" content=\"2026-01-20T17:23:19+00:00\" \/>\n<meta property=\"og:image\" content=\"https:\/\/tyler.com\/wp-content\/uploads\/2023\/11\/View-Services-Hero-Image.jpeg\" \/>\n<meta name=\"twitter:card\" content=\"summary_large_image\" \/>\n<meta name=\"twitter:label1\" content=\"Dur\u00e9e de lecture estim\u00e9e\" \/>\n\t<meta name=\"twitter:data1\" content=\"3 minutes\" \/>\n<script type=\"application\/ld+json\" class=\"yoast-schema-graph\">{\"@context\":\"https:\/\/schema.org\",\"@graph\":[{\"@type\":\"WebPage\",\"@id\":\"http:\/\/keba-voyance.fr\/index.php\/marabout-africain-puissant\/\",\"url\":\"http:\/\/keba-voyance.fr\/index.php\/marabout-africain-puissant\/\",\"name\":\"Marabout africain puissant - Professeur Keba voyant africain\",\"isPartOf\":{\"@id\":\"https:\/\/keba-voyance.fr\/#website\"},\"primaryImageOfPage\":{\"@id\":\"http:\/\/keba-voyance.fr\/index.php\/marabout-africain-puissant\/#primaryimage\"},\"image\":{\"@id\":\"http:\/\/keba-voyance.fr\/index.php\/marabout-africain-puissant\/#primaryimage\"},\"thumbnailUrl\":\"https:\/\/tyler.com\/wp-content\/uploads\/2023\/11\/View-Services-Hero-Image.jpeg\",\"datePublished\":\"2026-01-19T15:28:10+00:00\",\"dateModified\":\"2026-01-20T17:23:19+00:00\",\"breadcrumb\":{\"@id\":\"http:\/\/keba-voyance.fr\/index.php\/marabout-africain-puissant\/#breadcrumb\"},\"inLanguage\":\"fr-FR\",\"potentialAction\":[{\"@type\":\"ReadAction\",\"target\":[\"http:\/\/keba-voyance.fr\/index.php\/marabout-africain-puissant\/\"]}]},{\"@type\":\"ImageObject\",\"inLanguage\":\"fr-FR\",\"@id\":\"http:\/\/keba-voyance.fr\/index.php\/marabout-africain-puissant\/#primaryimage\",\"url\":\"https:\/\/tyler.com\/wp-content\/uploads\/2023\/11\/View-Services-Hero-Image.jpeg\",\"contentUrl\":\"https:\/\/tyler.com\/wp-content\/uploads\/2023\/11\/View-Services-Hero-Image.jpeg\"},{\"@type\":\"BreadcrumbList\",\"@id\":\"http:\/\/keba-voyance.fr\/index.php\/marabout-africain-puissant\/#breadcrumb\",\"itemListElement\":[{\"@type\":\"ListItem\",\"position\":1,\"name\":\"Accueil\",\"item\":\"https:\/\/keba-voyance.fr\/\"},{\"@type\":\"ListItem\",\"position\":2,\"name\":\"Marabout africain puissant\"}]},{\"@type\":\"WebSite\",\"@id\":\"https:\/\/keba-voyance.fr\/#website\",\"url\":\"https:\/\/keba-voyance.fr\/\",\"name\":\"Professeur Keba voyant africain\",\"description\":\"Votre satisfaction est notre priorit\u00e9\",\"publisher\":{\"@id\":\"https:\/\/keba-voyance.fr\/#organization\"},\"potentialAction\":[{\"@type\":\"SearchAction\",\"target\":{\"@type\":\"EntryPoint\",\"urlTemplate\":\"https:\/\/keba-voyance.fr\/?s={search_term_string}\"},\"query-input\":{\"@type\":\"PropertyValueSpecification\",\"valueRequired\":true,\"valueName\":\"search_term_string\"}}],\"inLanguage\":\"fr-FR\"},{\"@type\":\"Organization\",\"@id\":\"https:\/\/keba-voyance.fr\/#organization\",\"name\":\"Professeur Keba voyant africain\",\"url\":\"https:\/\/keba-voyance.fr\/\",\"logo\":{\"@type\":\"ImageObject\",\"inLanguage\":\"fr-FR\",\"@id\":\"https:\/\/keba-voyance.fr\/#\/schema\/logo\/image\/\",\"url\":\"http:\/\/keba-voyance.fr\/wp-content\/uploads\/2026\/01\/Logo-mystique-de-Professeur-Keba.png\",\"contentUrl\":\"http:\/\/keba-voyance.fr\/wp-content\/uploads\/2026\/01\/Logo-mystique-de-Professeur-Keba.png\",\"width\":1024,\"height\":1024,\"caption\":\"Professeur Keba voyant africain\"},\"image\":{\"@id\":\"https:\/\/keba-voyance.fr\/#\/schema\/logo\/image\/\"}}]}<\/script>\n<!-- \/ Yoast SEO plugin. -->","yoast_head_json":{"title":"Marabout africain puissant - Professeur Keba voyant africain","robots":{"index":"index","follow":"follow","max-snippet":"max-snippet:-1","max-image-preview":"max-image-preview:large","max-video-preview":"max-video-preview:-1"},"canonical":"http:\/\/keba-voyance.fr\/index.php\/marabout-africain-puissant\/","og_locale":"fr_FR","og_type":"article","og_title":"Marabout africain puissant - Professeur Keba voyant africain","og_description":"Se lib\u00e9rer des mal\u00e9dictions et des ondes n\u00e9gatives Le malheur n&rsquo;est pas une fatalit\u00e9. Si vous avez l&rsquo;impression d&rsquo;\u00eatre victime d&rsquo;une s\u00e9rie noire, d&rsquo;un mauvais sort ou de jalousies dissimul\u00e9es, le Professeur Keba intervient avec des rituels de nettoyage puissants. En tant que marabout gu\u00e9risseur, il poss\u00e8de la connaissance des plantes et des incantations sacr\u00e9es [&hellip;]","og_url":"http:\/\/keba-voyance.fr\/index.php\/marabout-africain-puissant\/","og_site_name":"Professeur Keba voyant africain","article_modified_time":"2026-01-20T17:23:19+00:00","og_image":[{"url":"https:\/\/tyler.com\/wp-content\/uploads\/2023\/11\/View-Services-Hero-Image.jpeg","type":"","width":"","height":""}],"twitter_card":"summary_large_image","twitter_misc":{"Dur\u00e9e de lecture estim\u00e9e":"3 minutes"},"schema":{"@context":"https:\/\/schema.org","@graph":[{"@type":"WebPage","@id":"http:\/\/keba-voyance.fr\/index.php\/marabout-africain-puissant\/","url":"http:\/\/keba-voyance.fr\/index.php\/marabout-africain-puissant\/","name":"Marabout africain puissant - Professeur Keba voyant africain","isPartOf":{"@id":"https:\/\/keba-voyance.fr\/#website"},"primaryImageOfPage":{"@id":"http:\/\/keba-voyance.fr\/index.php\/marabout-africain-puissant\/#primaryimage"},"image":{"@id":"http:\/\/keba-voyance.fr\/index.php\/marabout-africain-puissant\/#primaryimage"},"thumbnailUrl":"https:\/\/tyler.com\/wp-content\/uploads\/2023\/11\/View-Services-Hero-Image.jpeg","datePublished":"2026-01-19T15:28:10+00:00","dateModified":"2026-01-20T17:23:19+00:00","breadcrumb":{"@id":"http:\/\/keba-voyance.fr\/index.php\/marabout-africain-puissant\/#breadcrumb"},"inLanguage":"fr-FR","potentialAction":[{"@type":"ReadAction","target":["http:\/\/keba-voyance.fr\/index.php\/marabout-africain-puissant\/"]}]},{"@type":"ImageObject","inLanguage":"fr-FR","@id":"http:\/\/keba-voyance.fr\/index.php\/marabout-africain-puissant\/#primaryimage","url":"https:\/\/tyler.com\/wp-content\/uploads\/2023\/11\/View-Services-Hero-Image.jpeg","contentUrl":"https:\/\/tyler.com\/wp-content\/uploads\/2023\/11\/View-Services-Hero-Image.jpeg"},{"@type":"BreadcrumbList","@id":"http:\/\/keba-voyance.fr\/index.php\/marabout-africain-puissant\/#breadcrumb","itemListElement":[{"@type":"ListItem","position":1,"name":"Accueil","item":"https:\/\/keba-voyance.fr\/"},{"@type":"ListItem","position":2,"name":"Marabout africain puissant"}]},{"@type":"WebSite","@id":"https:\/\/keba-voyance.fr\/#website","url":"https:\/\/keba-voyance.fr\/","name":"Professeur Keba voyant africain","description":"Votre satisfaction est notre priorit\u00e9","publisher":{"@id":"https:\/\/keba-voyance.fr\/#organization"},"potentialAction":[{"@type":"SearchAction","target":{"@type":"EntryPoint","urlTemplate":"https:\/\/keba-voyance.fr\/?s={search_term_string}"},"query-input":{"@type":"PropertyValueSpecification","valueRequired":true,"valueName":"search_term_string"}}],"inLanguage":"fr-FR"},{"@type":"Organization","@id":"https:\/\/keba-voyance.fr\/#organization","name":"Professeur Keba voyant africain","url":"https:\/\/keba-voyance.fr\/","logo":{"@type":"ImageObject","inLanguage":"fr-FR","@id":"https:\/\/keba-voyance.fr\/#\/schema\/logo\/image\/","url":"http:\/\/keba-voyance.fr\/wp-content\/uploads\/2026\/01\/Logo-mystique-de-Professeur-Keba.png","contentUrl":"http:\/\/keba-voyance.fr\/wp-content\/uploads\/2026\/01\/Logo-mystique-de-Professeur-Keba.png","width":1024,"height":1024,"caption":"Professeur Keba voyant africain"},"image":{"@id":"https:\/\/keba-voyance.fr\/#\/schema\/logo\/image\/"}}]}},"_links":{"self":[{"href":"http:\/\/keba-voyance.fr\/index.php\/wp-json\/wp\/v2\/pages\/13","targetHints":{"allow":["GET"]}}],"collection":[{"href":"http:\/\/keba-voyance.fr\/index.php\/wp-json\/wp\/v2\/pages"}],"about":[{"href":"http:\/\/keba-voyance.fr\/index.php\/wp-json\/wp\/v2\/types\/page"}],"author":[{"embeddable":true,"href":"http:\/\/keba-voyance.fr\/index.php\/wp-json\/wp\/v2\/users\/1"}],"replies":[{"embeddable":true,"href":"http:\/\/keba-voyance.fr\/index.php\/wp-json\/wp\/v2\/comments?post=13"}],"version-history":[{"count":6,"href":"http:\/\/keba-voyance.fr\/index.php\/wp-json\/wp\/v2\/pages\/13\/revisions"}],"predecessor-version":[{"id":132,"href":"http:\/\/keba-voyance.fr\/index.php\/wp-json\/wp\/v2\/pages\/13\/revisions\/132"}],"wp:attachment":[{"href":"http:\/\/keba-voyance.fr\/index.php\/wp-json\/wp\/v2\/media?parent=13"}],"curies":[{"name":"wp","href":"https:\/\/api.w.org\/{rel}","templated":true}]}}