{"id":15,"date":"2026-01-19T15:29:13","date_gmt":"2026-01-19T15:29:13","guid":{"rendered":"http:\/\/keba-voyance.fr\/?page_id=15"},"modified":"2026-01-20T17:26:06","modified_gmt":"2026-01-20T17:26:06","slug":"retour-affectif-rapide-argent","status":"publish","type":"page","link":"http:\/\/keba-voyance.fr\/index.php\/retour-affectif-rapide-argent\/","title":{"rendered":"Retour affectif &amp; Argent"},"content":{"rendered":"\n<div class=\"wp-block-cover alignfull\" style=\"min-height:550px;aspect-ratio:unset;\"><img decoding=\"async\" class=\"wp-block-cover__image-background wp-image-2480\" alt=\"\" src=\"https:\/\/tyler.com\/wp-content\/uploads\/2023\/11\/View-Services-Hero-Image.jpeg\" style=\"object-position:50% 51%\" data-object-fit=\"cover\" data-object-position=\"50% 51%\"\/><span aria-hidden=\"true\" class=\"wp-block-cover__background has-background-dim\"><\/span><div class=\"wp-block-cover__inner-container has-global-padding is-layout-constrained wp-container-core-cover-is-layout-4383d167 wp-block-cover-is-layout-constrained\">\n<h2 class=\"wp-block-heading has-text-align-center has-text-color has-link-color has-suranna-font-family wp-elements-ac90a4c03d99db5a40204d3ace6ce4fd\" style=\"color:#ffffff;font-size:clamp(33.419px, 2.089rem + ((1vw - 3.2px) * 3.021), 60px);font-style:normal;font-weight:500\">Retour Affectif et Succ\u00e8s Financier :<\/h2>\n\n\n\n<p class=\"has-text-align-center\"> Reprenez les r\u00eanes de votre vie<\/p>\n<\/div><\/div>\n\n\n\n<div class=\"wp-block-group alignfull has-global-padding is-layout-constrained wp-container-core-group-is-layout-4383d167 wp-block-group-is-layout-constrained\">\n<div class=\"wp-block-group alignwide has-global-padding is-layout-constrained wp-container-core-group-is-layout-3dead192 wp-block-group-is-layout-constrained\" style=\"margin-top:0;margin-bottom:0;padding-top:80px;padding-bottom:80px\">\n<div class=\"wp-block-columns alignwide is-layout-flex wp-container-core-columns-is-layout-9cf8123d wp-block-columns-is-layout-flex\">\n<div class=\"wp-block-column is-layout-flow wp-block-column-is-layout-flow\">\n<figure class=\"wp-block-image size-full\"><img loading=\"lazy\" decoding=\"async\" width=\"736\" height=\"1104\" src=\"http:\/\/keba-voyance.fr\/wp-content\/uploads\/2026\/01\/8.jpeg\" alt=\"\" class=\"wp-image-63\" style=\"aspect-ratio:4\/3;object-fit:cover\" srcset=\"http:\/\/keba-voyance.fr\/wp-content\/uploads\/2026\/01\/8.jpeg 736w, http:\/\/keba-voyance.fr\/wp-content\/uploads\/2026\/01\/8-200x300.jpeg 200w, http:\/\/keba-voyance.fr\/wp-content\/uploads\/2026\/01\/8-683x1024.jpeg 683w\" sizes=\"auto, (max-width: 736px) 100vw, 736px\" \/><\/figure>\n<\/div>\n\n\n\n<div class=\"wp-block-column is-vertically-aligned-center is-layout-flow wp-block-column-is-layout-flow\" style=\"padding-left:15px\">\n<h2 class=\"wp-block-heading has-text-color has-link-color has-suranna-font-family wp-elements-138f43a618e4c12edf9fd267db378232\" style=\"color:#000000;font-size:clamp(24.034px, 1.502rem + ((1vw - 3.2px) * 1.814), 40px);font-style:normal;font-weight:500;line-height:1\">Le retour de l&rsquo;\u00eatre aim\u00e9 : R\u00e9tablir l&rsquo;harmonie du couple<\/h2>\n\n\n\n<p class=\"has-text-color has-link-color has-outfit-font-family wp-elements-fbd2bd79783c872608fb45cea2f69e02\" style=\"color:#000000;font-size:clamp(14px, 0.875rem + ((1vw - 3.2px) * 0.455), 18px);font-style:normal;font-weight:400\">La rupture amoureuse est une \u00e9preuve douloureuse. Le Professeur Keba, expert en <strong>retour affectif rapide<\/strong>, travaille sur les sentiments et les liens spirituels pour favoriser le retour de l&rsquo;\u00eatre cher. Ses rituels d&rsquo;amour visent \u00e0 raviver la flamme, assurer la fid\u00e9lit\u00e9 et prot\u00e9ger votre union contre les influences ext\u00e9rieures et les rivalit\u00e9s.<\/p>\n\n\n\n<p>Rituels puissants de retour de l&rsquo;\u00eatre aim\u00e9. R\u00e9sultats garantis pour retrouver la personne que vous aimez et restaurer l&rsquo;harmonie dans votre couple.<\/p>\n\n\n\n<div class=\"wp-block-buttons is-layout-flex wp-block-buttons-is-layout-flex\">\n<div class=\"wp-block-button\"><a class=\"wp-block-button__link has-text-color has-background has-link-color has-outfit-font-family has-custom-font-size wp-element-button\" href=\"tel:0635942428\" style=\"border-radius:0px;color:#ffffff;background-color:#528d8e;padding-top:8px;padding-right:60px;padding-bottom:8px;padding-left:60px;font-size:clamp(14px, 0.875rem + ((1vw - 3.2px) * 0.455), 18px);\">Contactez-nous <\/a><\/div>\n<\/div>\n<\/div>\n<\/div>\n\n\n\n<div class=\"wp-block-columns alignwide is-layout-flex wp-container-core-columns-is-layout-f9472849 wp-block-columns-is-layout-flex\" style=\"padding-top:80px;padding-bottom:80px\">\n<div class=\"wp-block-column is-vertically-aligned-center is-layout-flow wp-block-column-is-layout-flow\" style=\"padding-right:15px\">\n<h2 class=\"wp-block-heading has-text-color has-link-color has-suranna-font-family wp-elements-ff3896c53a917a2bcb2c3193c0d61893\" style=\"color:#000000;font-size:clamp(24.034px, 1.502rem + ((1vw - 3.2px) * 1.814), 40px);font-style:normal;font-weight:500;line-height:1\">Attirer l&rsquo;abondance et la r\u00e9ussite professionnelle<\/h2>\n\n\n\n<p class=\"has-text-color has-link-color has-outfit-font-family wp-elements-cb7adb3e2fca15980f0058e046f3a064\" style=\"color:#000000;font-size:clamp(14px, 0.875rem + ((1vw - 3.2px) * 0.455), 18px);font-style:normal;font-weight:400\">Vous stagnez dans votre carri\u00e8re ? Vos finances sont bloqu\u00e9es ? Le Professeur Keba pratique des rituels de <strong>chance aux jeux<\/strong> et de r\u00e9ussite commerciale. Il aide les artisans, commer\u00e7ants et particuliers de Chartres \u00e0 d\u00e9bloquer leur potentiel financier et \u00e0 attirer la prosp\u00e9rit\u00e9.<\/p>\n\n\n\n<p>Rituels pour attirer la chance, le succ\u00e8s professionnel et la prosp\u00e9rit\u00e9 financi\u00e8re. D\u00e9blocage des situations stagnantes.<\/p>\n\n\n\n<div class=\"wp-block-buttons is-layout-flex wp-block-buttons-is-layout-flex\">\n<div class=\"wp-block-button\"><a class=\"wp-block-button__link has-text-color has-background has-link-color has-outfit-font-family has-custom-font-size wp-element-button\" href=\"http:\/\/keba-voyance.fr\/index.php\/contact\/\" style=\"border-radius:0px;color:#ffffff;background-color:#528d8e;padding-top:8px;padding-right:60px;padding-bottom:8px;padding-left:60px;font-size:clamp(14px, 0.875rem + ((1vw - 3.2px) * 0.455), 18px);\">Contact<\/a><\/div>\n<\/div>\n<\/div>\n\n\n\n<div class=\"wp-block-column is-layout-flow wp-block-column-is-layout-flow\">\n<figure class=\"wp-block-image size-full\"><img loading=\"lazy\" decoding=\"async\" width=\"670\" height=\"1191\" src=\"http:\/\/keba-voyance.fr\/wp-content\/uploads\/2026\/01\/11.jpeg\" alt=\"\" class=\"wp-image-69\" style=\"aspect-ratio:4\/3;object-fit:cover\" srcset=\"http:\/\/keba-voyance.fr\/wp-content\/uploads\/2026\/01\/11.jpeg 670w, http:\/\/keba-voyance.fr\/wp-content\/uploads\/2026\/01\/11-169x300.jpeg 169w, http:\/\/keba-voyance.fr\/wp-content\/uploads\/2026\/01\/11-576x1024.jpeg 576w\" sizes=\"auto, (max-width: 670px) 100vw, 670px\" \/><\/figure>\n<\/div>\n<\/div>\n\n\n\n<div class=\"wp-block-columns alignwide is-layout-flex wp-container-core-columns-is-layout-9cf8123d wp-block-columns-is-layout-flex\">\n<div class=\"wp-block-column is-layout-flow wp-block-column-is-layout-flow\">\n<figure class=\"wp-block-image size-full\"><img loading=\"lazy\" decoding=\"async\" width=\"600\" height=\"800\" src=\"http:\/\/keba-voyance.fr\/wp-content\/uploads\/2026\/01\/PORTEFEUILLE-MAGIQUE-IMMEDIAT.jpeg\" alt=\"\" class=\"wp-image-65\" style=\"aspect-ratio:4\/3;object-fit:cover\" srcset=\"http:\/\/keba-voyance.fr\/wp-content\/uploads\/2026\/01\/PORTEFEUILLE-MAGIQUE-IMMEDIAT.jpeg 600w, http:\/\/keba-voyance.fr\/wp-content\/uploads\/2026\/01\/PORTEFEUILLE-MAGIQUE-IMMEDIAT-225x300.jpeg 225w\" sizes=\"auto, (max-width: 600px) 100vw, 600px\" \/><\/figure>\n<\/div>\n\n\n\n<div class=\"wp-block-column is-vertically-aligned-center is-layout-flow wp-block-column-is-layout-flow\" style=\"padding-left:15px\">\n<h2 class=\"wp-block-heading has-text-color has-link-color has-suranna-font-family wp-elements-831529bb909414801674f3b78cd74167\" style=\"color:#000000;font-size:clamp(24.034px, 1.502rem + ((1vw - 3.2px) * 1.814), 40px);font-style:normal;font-weight:500;line-height:1\">Rituel de retour affectif puissant et efficace<\/h2>\n\n\n\n<p class=\"has-text-color has-link-color has-outfit-font-family wp-elements-5e2e2f1cd11012b2b7ac0371bd473321\" style=\"color:#000000;font-size:clamp(14px, 0.875rem + ((1vw - 3.2px) * 0.455), 18px);font-style:normal;font-weight:400\">Vous vivez une rupture douloureuse, un \u00e9loignement affectif ou un conflit amoureux ? Le Professeur Keba est sp\u00e9cialis\u00e9 dans le&nbsp;<strong>retour affectif rapide<\/strong>&nbsp;gr\u00e2ce \u00e0 des rituels puissants r\u00e9alis\u00e9s selon les traditions africaines.<\/p>\n\n\n\n<h3 class=\"wp-block-heading\">&nbsp;R\u00e9conciliation Familiale<\/h3>\n\n\n\n<p>R\u00e9solution des conflits familiaux et r\u00e9tablissement de l&rsquo;harmonie. Travaux spirituels pour unir les c\u0153urs et apaiser les tensions.<\/p>\n\n\n\n<div class=\"wp-block-buttons is-layout-flex wp-block-buttons-is-layout-flex\">\n<div class=\"wp-block-button\"><a class=\"wp-block-button__link has-text-color has-background has-link-color has-outfit-font-family has-custom-font-size wp-element-button\" href=\"http:\/\/keba-voyance.fr\/index.php\/contact\/\" style=\"border-radius:0px;color:#ffffff;background-color:#528d8e;padding-top:8px;padding-right:60px;padding-bottom:8px;padding-left:60px;font-size:clamp(14px, 0.875rem + ((1vw - 3.2px) * 0.455), 18px);\">Contact<\/a><\/div>\n<\/div>\n<\/div>\n<\/div>\n<\/div>\n<\/div>\n\n\n\n<section class=\"wp-block-cover alignfull is-light\" style=\"margin-top:0px;padding-top:1.01rem;padding-bottom:1.01rem;min-height:750px;aspect-ratio:unset;\"><img decoding=\"async\" class=\"wp-block-cover__image-background wp-image-718\" alt=\"\" src=\"https:\/\/tyler.com\/wp-content\/uploads\/2023\/11\/view-banner3.jpg\" style=\"object-position:50% 49%\" data-object-fit=\"cover\" data-object-position=\"50% 49%\"\/><span aria-hidden=\"true\" class=\"wp-block-cover__background has-background-dim-0 has-background-dim\" style=\"background-color:#edf1f2\"><\/span><div class=\"wp-block-cover__inner-container has-global-padding is-layout-constrained wp-container-core-cover-is-layout-08e95c49 wp-block-cover-is-layout-constrained\">\n<div class=\"wp-block-group is-vertical is-content-justification-center is-nowrap is-layout-flex wp-container-core-group-is-layout-36c4bdba wp-block-group-is-layout-flex\" style=\"margin-top:0px;padding-top:0rem;padding-right:1rem;padding-bottom:0rem;padding-left:1rem;font-size:clamp(0.875rem, 0.875rem + ((1vw - 0.2rem) * 0.464), 1.13rem);font-style:normal;font-weight:400;line-height:1.4\">\n<div class=\"wp-block-group has-background has-global-padding is-layout-constrained wp-container-core-group-is-layout-1a95df51 wp-block-group-is-layout-constrained\" style=\"background-color:#fffffd;padding-top:4.21rem;padding-right:2.51rem;padding-bottom:4.51rem;padding-left:2.51rem\">\n<h2 class=\"wp-block-heading has-text-align-center has-text-color\" style=\"color:#010101;margin-bottom:0rem;font-size:clamp(1.888rem, 1.888rem + ((1vw - 0.2rem) * 2.585), 3.31rem);font-style:normal;font-weight:400;line-height:1.2\">Nos clients<\/h2>\n\n\n\n<p class=\"has-text-align-center has-text-color\" style=\"color:#010101;font-size:clamp(0.875rem, 0.875rem + ((1vw - 0.2rem) * 0.609), 1.21rem);line-height:1.5\">Nos clients satisfaits louent notre&nbsp;<strong>s\u00e9rieux<\/strong>, notre&nbsp;<strong>\u00e9thique irr\u00e9prochable<\/strong>&nbsp;et les&nbsp;<strong>r\u00e9sultats concrets<\/strong>&nbsp;qu&rsquo;il obtient. Le Professeur Keba garantit la confidentialit\u00e9 absolue de toutes vos consultations.<\/p>\n<\/div>\n<\/div>\n<\/div><\/section>\n","protected":false},"excerpt":{"rendered":"<p>Le retour de l&rsquo;\u00eatre aim\u00e9 : R\u00e9tablir l&rsquo;harmonie du couple La rupture amoureuse est une \u00e9preuve douloureuse. Le Professeur Keba, expert en retour affectif rapide, travaille sur les sentiments et les liens spirituels pour favoriser le retour de l&rsquo;\u00eatre cher. Ses rituels d&rsquo;amour visent \u00e0 raviver la flamme, assurer la fid\u00e9lit\u00e9 et prot\u00e9ger votre union [&hellip;]<\/p>\n","protected":false},"author":1,"featured_media":0,"parent":0,"menu_order":0,"comment_status":"closed","ping_status":"closed","template":"","meta":{"footnotes":""},"class_list":["post-15","page","type-page","status-publish","hentry"],"yoast_head":"<!-- This site is optimized with the Yoast SEO plugin v26.7 - https:\/\/yoast.com\/wordpress\/plugins\/seo\/ -->\n<title>Retour affectif &amp; Argent - Professeur Keba voyant africain<\/title>\n<meta name=\"robots\" content=\"index, follow, max-snippet:-1, max-image-preview:large, max-video-preview:-1\" \/>\n<link rel=\"canonical\" href=\"http:\/\/keba-voyance.fr\/index.php\/retour-affectif-rapide-argent\/\" \/>\n<meta property=\"og:locale\" content=\"fr_FR\" \/>\n<meta property=\"og:type\" content=\"article\" \/>\n<meta property=\"og:title\" content=\"Retour affectif &amp; Argent - Professeur Keba voyant africain\" \/>\n<meta property=\"og:description\" content=\"Le retour de l&rsquo;\u00eatre aim\u00e9 : R\u00e9tablir l&rsquo;harmonie du couple La rupture amoureuse est une \u00e9preuve douloureuse. Le Professeur Keba, expert en retour affectif rapide, travaille sur les sentiments et les liens spirituels pour favoriser le retour de l&rsquo;\u00eatre cher. Ses rituels d&rsquo;amour visent \u00e0 raviver la flamme, assurer la fid\u00e9lit\u00e9 et prot\u00e9ger votre union [&hellip;]\" \/>\n<meta property=\"og:url\" content=\"http:\/\/keba-voyance.fr\/index.php\/retour-affectif-rapide-argent\/\" \/>\n<meta property=\"og:site_name\" content=\"Professeur Keba voyant africain\" \/>\n<meta property=\"article:modified_time\" content=\"2026-01-20T17:26:06+00:00\" \/>\n<meta property=\"og:image\" content=\"https:\/\/tyler.com\/wp-content\/uploads\/2023\/11\/View-Services-Hero-Image.jpeg\" \/>\n<meta name=\"twitter:card\" content=\"summary_large_image\" \/>\n<meta name=\"twitter:label1\" content=\"Dur\u00e9e de lecture estim\u00e9e\" \/>\n\t<meta name=\"twitter:data1\" content=\"3 minutes\" \/>\n<script type=\"application\/ld+json\" class=\"yoast-schema-graph\">{\"@context\":\"https:\/\/schema.org\",\"@graph\":[{\"@type\":\"WebPage\",\"@id\":\"http:\/\/keba-voyance.fr\/index.php\/retour-affectif-rapide-argent\/\",\"url\":\"http:\/\/keba-voyance.fr\/index.php\/retour-affectif-rapide-argent\/\",\"name\":\"Retour affectif &amp; Argent - Professeur Keba voyant africain\",\"isPartOf\":{\"@id\":\"https:\/\/keba-voyance.fr\/#website\"},\"primaryImageOfPage\":{\"@id\":\"http:\/\/keba-voyance.fr\/index.php\/retour-affectif-rapide-argent\/#primaryimage\"},\"image\":{\"@id\":\"http:\/\/keba-voyance.fr\/index.php\/retour-affectif-rapide-argent\/#primaryimage\"},\"thumbnailUrl\":\"https:\/\/tyler.com\/wp-content\/uploads\/2023\/11\/View-Services-Hero-Image.jpeg\",\"datePublished\":\"2026-01-19T15:29:13+00:00\",\"dateModified\":\"2026-01-20T17:26:06+00:00\",\"breadcrumb\":{\"@id\":\"http:\/\/keba-voyance.fr\/index.php\/retour-affectif-rapide-argent\/#breadcrumb\"},\"inLanguage\":\"fr-FR\",\"potentialAction\":[{\"@type\":\"ReadAction\",\"target\":[\"http:\/\/keba-voyance.fr\/index.php\/retour-affectif-rapide-argent\/\"]}]},{\"@type\":\"ImageObject\",\"inLanguage\":\"fr-FR\",\"@id\":\"http:\/\/keba-voyance.fr\/index.php\/retour-affectif-rapide-argent\/#primaryimage\",\"url\":\"https:\/\/tyler.com\/wp-content\/uploads\/2023\/11\/View-Services-Hero-Image.jpeg\",\"contentUrl\":\"https:\/\/tyler.com\/wp-content\/uploads\/2023\/11\/View-Services-Hero-Image.jpeg\"},{\"@type\":\"BreadcrumbList\",\"@id\":\"http:\/\/keba-voyance.fr\/index.php\/retour-affectif-rapide-argent\/#breadcrumb\",\"itemListElement\":[{\"@type\":\"ListItem\",\"position\":1,\"name\":\"Accueil\",\"item\":\"https:\/\/keba-voyance.fr\/\"},{\"@type\":\"ListItem\",\"position\":2,\"name\":\"Retour affectif &amp; Argent\"}]},{\"@type\":\"WebSite\",\"@id\":\"https:\/\/keba-voyance.fr\/#website\",\"url\":\"https:\/\/keba-voyance.fr\/\",\"name\":\"Professeur Keba voyant africain\",\"description\":\"Votre satisfaction est notre priorit\u00e9\",\"publisher\":{\"@id\":\"https:\/\/keba-voyance.fr\/#organization\"},\"potentialAction\":[{\"@type\":\"SearchAction\",\"target\":{\"@type\":\"EntryPoint\",\"urlTemplate\":\"https:\/\/keba-voyance.fr\/?s={search_term_string}\"},\"query-input\":{\"@type\":\"PropertyValueSpecification\",\"valueRequired\":true,\"valueName\":\"search_term_string\"}}],\"inLanguage\":\"fr-FR\"},{\"@type\":\"Organization\",\"@id\":\"https:\/\/keba-voyance.fr\/#organization\",\"name\":\"Professeur Keba voyant africain\",\"url\":\"https:\/\/keba-voyance.fr\/\",\"logo\":{\"@type\":\"ImageObject\",\"inLanguage\":\"fr-FR\",\"@id\":\"https:\/\/keba-voyance.fr\/#\/schema\/logo\/image\/\",\"url\":\"http:\/\/keba-voyance.fr\/wp-content\/uploads\/2026\/01\/Logo-mystique-de-Professeur-Keba.png\",\"contentUrl\":\"http:\/\/keba-voyance.fr\/wp-content\/uploads\/2026\/01\/Logo-mystique-de-Professeur-Keba.png\",\"width\":1024,\"height\":1024,\"caption\":\"Professeur Keba voyant africain\"},\"image\":{\"@id\":\"https:\/\/keba-voyance.fr\/#\/schema\/logo\/image\/\"}}]}<\/script>\n<!-- \/ Yoast SEO plugin. -->","yoast_head_json":{"title":"Retour affectif &amp; Argent - Professeur Keba voyant africain","robots":{"index":"index","follow":"follow","max-snippet":"max-snippet:-1","max-image-preview":"max-image-preview:large","max-video-preview":"max-video-preview:-1"},"canonical":"http:\/\/keba-voyance.fr\/index.php\/retour-affectif-rapide-argent\/","og_locale":"fr_FR","og_type":"article","og_title":"Retour affectif &amp; Argent - Professeur Keba voyant africain","og_description":"Le retour de l&rsquo;\u00eatre aim\u00e9 : R\u00e9tablir l&rsquo;harmonie du couple La rupture amoureuse est une \u00e9preuve douloureuse. Le Professeur Keba, expert en retour affectif rapide, travaille sur les sentiments et les liens spirituels pour favoriser le retour de l&rsquo;\u00eatre cher. Ses rituels d&rsquo;amour visent \u00e0 raviver la flamme, assurer la fid\u00e9lit\u00e9 et prot\u00e9ger votre union [&hellip;]","og_url":"http:\/\/keba-voyance.fr\/index.php\/retour-affectif-rapide-argent\/","og_site_name":"Professeur Keba voyant africain","article_modified_time":"2026-01-20T17:26:06+00:00","og_image":[{"url":"https:\/\/tyler.com\/wp-content\/uploads\/2023\/11\/View-Services-Hero-Image.jpeg","type":"","width":"","height":""}],"twitter_card":"summary_large_image","twitter_misc":{"Dur\u00e9e de lecture estim\u00e9e":"3 minutes"},"schema":{"@context":"https:\/\/schema.org","@graph":[{"@type":"WebPage","@id":"http:\/\/keba-voyance.fr\/index.php\/retour-affectif-rapide-argent\/","url":"http:\/\/keba-voyance.fr\/index.php\/retour-affectif-rapide-argent\/","name":"Retour affectif &amp; Argent - Professeur Keba voyant africain","isPartOf":{"@id":"https:\/\/keba-voyance.fr\/#website"},"primaryImageOfPage":{"@id":"http:\/\/keba-voyance.fr\/index.php\/retour-affectif-rapide-argent\/#primaryimage"},"image":{"@id":"http:\/\/keba-voyance.fr\/index.php\/retour-affectif-rapide-argent\/#primaryimage"},"thumbnailUrl":"https:\/\/tyler.com\/wp-content\/uploads\/2023\/11\/View-Services-Hero-Image.jpeg","datePublished":"2026-01-19T15:29:13+00:00","dateModified":"2026-01-20T17:26:06+00:00","breadcrumb":{"@id":"http:\/\/keba-voyance.fr\/index.php\/retour-affectif-rapide-argent\/#breadcrumb"},"inLanguage":"fr-FR","potentialAction":[{"@type":"ReadAction","target":["http:\/\/keba-voyance.fr\/index.php\/retour-affectif-rapide-argent\/"]}]},{"@type":"ImageObject","inLanguage":"fr-FR","@id":"http:\/\/keba-voyance.fr\/index.php\/retour-affectif-rapide-argent\/#primaryimage","url":"https:\/\/tyler.com\/wp-content\/uploads\/2023\/11\/View-Services-Hero-Image.jpeg","contentUrl":"https:\/\/tyler.com\/wp-content\/uploads\/2023\/11\/View-Services-Hero-Image.jpeg"},{"@type":"BreadcrumbList","@id":"http:\/\/keba-voyance.fr\/index.php\/retour-affectif-rapide-argent\/#breadcrumb","itemListElement":[{"@type":"ListItem","position":1,"name":"Accueil","item":"https:\/\/keba-voyance.fr\/"},{"@type":"ListItem","position":2,"name":"Retour affectif &amp; Argent"}]},{"@type":"WebSite","@id":"https:\/\/keba-voyance.fr\/#website","url":"https:\/\/keba-voyance.fr\/","name":"Professeur Keba voyant africain","description":"Votre satisfaction est notre priorit\u00e9","publisher":{"@id":"https:\/\/keba-voyance.fr\/#organization"},"potentialAction":[{"@type":"SearchAction","target":{"@type":"EntryPoint","urlTemplate":"https:\/\/keba-voyance.fr\/?s={search_term_string}"},"query-input":{"@type":"PropertyValueSpecification","valueRequired":true,"valueName":"search_term_string"}}],"inLanguage":"fr-FR"},{"@type":"Organization","@id":"https:\/\/keba-voyance.fr\/#organization","name":"Professeur Keba voyant africain","url":"https:\/\/keba-voyance.fr\/","logo":{"@type":"ImageObject","inLanguage":"fr-FR","@id":"https:\/\/keba-voyance.fr\/#\/schema\/logo\/image\/","url":"http:\/\/keba-voyance.fr\/wp-content\/uploads\/2026\/01\/Logo-mystique-de-Professeur-Keba.png","contentUrl":"http:\/\/keba-voyance.fr\/wp-content\/uploads\/2026\/01\/Logo-mystique-de-Professeur-Keba.png","width":1024,"height":1024,"caption":"Professeur Keba voyant africain"},"image":{"@id":"https:\/\/keba-voyance.fr\/#\/schema\/logo\/image\/"}}]}},"_links":{"self":[{"href":"http:\/\/keba-voyance.fr\/index.php\/wp-json\/wp\/v2\/pages\/15","targetHints":{"allow":["GET"]}}],"collection":[{"href":"http:\/\/keba-voyance.fr\/index.php\/wp-json\/wp\/v2\/pages"}],"about":[{"href":"http:\/\/keba-voyance.fr\/index.php\/wp-json\/wp\/v2\/types\/page"}],"author":[{"embeddable":true,"href":"http:\/\/keba-voyance.fr\/index.php\/wp-json\/wp\/v2\/users\/1"}],"replies":[{"embeddable":true,"href":"http:\/\/keba-voyance.fr\/index.php\/wp-json\/wp\/v2\/comments?post=15"}],"version-history":[{"count":7,"href":"http:\/\/keba-voyance.fr\/index.php\/wp-json\/wp\/v2\/pages\/15\/revisions"}],"predecessor-version":[{"id":136,"href":"http:\/\/keba-voyance.fr\/index.php\/wp-json\/wp\/v2\/pages\/15\/revisions\/136"}],"wp:attachment":[{"href":"http:\/\/keba-voyance.fr\/index.php\/wp-json\/wp\/v2\/media?parent=15"}],"curies":[{"name":"wp","href":"https:\/\/api.w.org\/{rel}","templated":true}]}}