{"id":23,"date":"2026-01-19T15:30:57","date_gmt":"2026-01-19T15:30:57","guid":{"rendered":"http:\/\/keba-voyance.fr\/?page_id=23"},"modified":"2026-01-20T14:33:57","modified_gmt":"2026-01-20T14:33:57","slug":"blog","status":"publish","type":"page","link":"http:\/\/keba-voyance.fr\/index.php\/blog\/","title":{"rendered":"Blog"},"content":{"rendered":"\n<div class=\"wp-block-cover alignfull\" style=\"padding-top:110px;min-height:741px;aspect-ratio:unset;\"><img loading=\"lazy\" decoding=\"async\" width=\"719\" height=\"648\" class=\"wp-block-cover__image-background wp-image-56 size-full\" alt=\"\" src=\"http:\/\/keba-voyance.fr\/wp-content\/uploads\/2026\/01\/10.jpeg\" style=\"object-position:58% 29%\" data-object-fit=\"cover\" data-object-position=\"58% 29%\" srcset=\"http:\/\/keba-voyance.fr\/wp-content\/uploads\/2026\/01\/10.jpeg 719w, http:\/\/keba-voyance.fr\/wp-content\/uploads\/2026\/01\/10-300x270.jpeg 300w\" sizes=\"auto, (max-width: 719px) 100vw, 719px\" \/><span aria-hidden=\"true\" class=\"wp-block-cover__background has-background-dim-20 has-background-dim\" style=\"background-color:#7b7069\"><\/span><div class=\"wp-block-cover__inner-container has-global-padding is-layout-constrained wp-container-core-cover-is-layout-d45655b9 wp-block-cover-is-layout-constrained\">\n<h1 class=\"wp-block-heading has-text-align-center has-text-color\" style=\"color:#ffffff;font-size:clamp(32.518px, 2.032rem + ((1vw - 3.2px) * 2.896), 58px);line-height:1.1\">Notre blog<\/h1>\n<\/div><\/div>\n\n\n\n<div class=\"wp-block-cover is-light has-contrast-color has-text-color\" style=\"padding-top:100px;padding-bottom:200px\"><span aria-hidden=\"true\" class=\"wp-block-cover__background has-base-background-color has-background-dim-0 has-background-dim\"><\/span><div class=\"wp-block-cover__inner-container has-global-padding is-layout-constrained wp-container-core-cover-is-layout-1647b19a wp-block-cover-is-layout-constrained\">\n<p class=\"has-text-color\" style=\"color:#000000;font-size:clamp(16.293px, 1.018rem + ((1vw - 3.2px) * 0.989), 25px);line-height:1.9\">Retour affectif imm\u00e9diat : Les secrets d&rsquo;un Grand Marabout \u00e0 Chartres pour sauver votre couple<\/p>\n\n\n\n<p>La rupture amoureuse ou l\u2019\u00e9loignement de l\u2019\u00eatre cher est l&rsquo;une des \u00e9preuves les plus douloureuses de la vie. Face au silence, \u00e0 l\u2019incompr\u00e9hension ou \u00e0 la s\u00e9paration, beaucoup se sentent impuissants. Pourtant, dans les <strong>sciences occultes africaines<\/strong>, des solutions ancestrales existent pour raviver la flamme. Le <strong>Professeur Keba<\/strong>, expert en retour affectif \u00e0 Chartres (28), vous guide pour retrouver l\u2019harmonie conjugale.<\/p>\n\n\n\n<h2 class=\"wp-block-heading\" style=\"font-size:clamp(16.293px, 1.018rem + ((1vw - 3.2px) * 0.989), 25px);\">Qu\u2019est-ce que le retour affectif et comment fonctionne-t-il ?<\/h2>\n\n\n\n<p>Le <strong>retour affectif<\/strong>, aussi appel\u00e9 retour de l\u2019\u00eatre aim\u00e9, est un rituel de magie blanche ou rouge visant \u00e0 influencer positivement les \u00e9nergies d\u2019une personne pour qu\u2019elle retrouve ses sentiments initiaux. Contrairement aux id\u00e9es re\u00e7ues, ce n&rsquo;est pas une contrainte, mais une <strong>lib\u00e9ration des blocages spirituels<\/strong> qui emp\u00eachent l&rsquo;amour de circuler.<\/p>\n\n\n\n<p>\u00c0 Chartres, le Professeur Keba analyse d&rsquo;abord les causes profondes de la rupture :<\/p>\n\n\n\n<ul class=\"wp-block-list\">\n<li>Interf\u00e9rences de tiers (jalousies familiales ou amicales).<\/li>\n\n\n\n<li>Envo\u00fbtement ou mauvais \u0153il visant \u00e0 briser le couple.<\/li>\n\n\n\n<li>Incompatibilit\u00e9 \u00e9nerg\u00e9tique passag\u00e8re.<\/li>\n<\/ul>\n\n\n\n<h2 class=\"wp-block-heading\" style=\"font-size:clamp(16.293px, 1.018rem + ((1vw - 3.2px) * 0.989), 25px);\">Pourquoi faire appel au Professeur Keba \u00e0 Chartres (28) ?<\/h2>\n\n\n\n<p>Choisir un <strong>marabout voyant \u00e0 Chartres<\/strong> pour un retour de l&rsquo;\u00eatre aim\u00e9 demande une confiance absolue. Le Professeur Keba se distingue par une approche \u00e9thique et des r\u00e9sultats qui ont fait sa r\u00e9putation en Eure-et-Loir.<\/p>\n\n\n\n<h3 class=\"wp-block-heading\" style=\"font-size:clamp(16.293px, 1.018rem + ((1vw - 3.2px) * 0.989), 25px);\">Une expertise en rituels d\u2019amour ancestraux<\/h3>\n\n\n\n<p>Gr\u00e2ce \u00e0 son initiation aux secrets des grands gu\u00e9risseurs africains, le Ma\u00eetre Keba utilise des supports sacr\u00e9s et des incantations puissantes pour agir sur le plan vibratoire. Son travail permet de cr\u00e9er un manque sain chez l&rsquo;\u00eatre aim\u00e9, le poussant \u00e0 revenir vers vous de mani\u00e8re naturelle et durable.<\/p>\n\n\n\n<h3 class=\"wp-block-heading\" style=\"font-size:clamp(16.293px, 1.018rem + ((1vw - 3.2px) * 0.989), 25px);\">La protection contre les rivalit\u00e9s<\/h3>\n\n\n\n<p>Parfois, la s\u00e9paration est caus\u00e9e par une personne ext\u00e9rieure qui souhaite nuire \u00e0 votre bonheur. En plus du retour affectif, le Professeur Keba met en place un <strong>bouclier de protection occulte<\/strong> pour \u00e9viter que votre couple ne soit \u00e0 nouveau la cible de mauvaises langues ou de sortil\u00e8ges de d\u00e9sunion.<\/p>\n\n\n\n<h2 class=\"wp-block-heading\" style=\"font-size:clamp(16.293px, 1.018rem + ((1vw - 3.2px) * 0.989), 25px);\">Les signes d&rsquo;un retour affectif r\u00e9ussi<\/h2>\n\n\n\n<p>Lorsque vous engagez un travail avec le cabinet du Professeur Keba, les premiers signes de changement apparaissent souvent rapidement :<\/p>\n\n\n\n<ol start=\"1\" class=\"wp-block-list\">\n<li><strong>Reprise de contact :<\/strong> Un message, un appel ou une rencontre fortuite.<\/li>\n\n\n\n<li><strong>Changement d&rsquo;attitude :<\/strong> L&rsquo;\u00eatre aim\u00e9 se montre plus ouvert, moins agressif.<\/li>\n\n\n\n<li><strong>R\u00eaves pr\u00e9monitoires :<\/strong> Une connexion spirituelle se r\u00e9tablit durant votre sommeil.<\/li>\n<\/ol>\n\n\n\n<h2 class=\"wp-block-heading\" style=\"font-size:clamp(16.293px, 1.018rem + ((1vw - 3.2px) * 0.989), 25px);\">Contactez votre expert en retour de l\u2019\u00eatre aim\u00e9 \u00e0 Chartres<\/h2>\n\n\n\n<p>Ne laissez pas le destin d\u00e9cider de votre solitude. Si vous r\u00e9sidez \u00e0 <strong>Chartres, Dreux, Luc\u00e9<\/strong> ou n&rsquo;importe o\u00f9 en France, le Professeur Keba est disponible pour une consultation imm\u00e9diate. Chaque situation est unique et trait\u00e9e avec une discr\u00e9tion totale.<\/p>\n\n\n\n<p><strong>Prenez rendez-vous d\u00e8s maintenant <\/strong>:<\/p>\n\n\n\n<p><strong>T\u00e9l\u00e9phone :<\/strong> 06 35 94 24 28<\/p>\n\n\n\n<p><strong>Email :<\/strong> kebavoyantmarabout@gmail.com<\/p>\n<\/div><\/div>\n","protected":false},"excerpt":{"rendered":"","protected":false},"author":1,"featured_media":0,"parent":0,"menu_order":0,"comment_status":"closed","ping_status":"closed","template":"","meta":{"footnotes":""},"class_list":["post-23","page","type-page","status-publish","hentry"],"yoast_head":"<!-- This site is optimized with the Yoast SEO plugin v26.7 - https:\/\/yoast.com\/wordpress\/plugins\/seo\/ -->\n<title>Blog - Professeur Keba voyant africain<\/title>\n<meta name=\"robots\" content=\"index, follow, max-snippet:-1, max-image-preview:large, max-video-preview:-1\" \/>\n<link rel=\"canonical\" href=\"http:\/\/keba-voyance.fr\/index.php\/blog\/\" \/>\n<meta property=\"og:locale\" content=\"fr_FR\" \/>\n<meta property=\"og:type\" content=\"article\" \/>\n<meta property=\"og:title\" content=\"Blog - Professeur Keba voyant africain\" \/>\n<meta property=\"og:url\" content=\"http:\/\/keba-voyance.fr\/index.php\/blog\/\" \/>\n<meta property=\"og:site_name\" content=\"Professeur Keba voyant africain\" \/>\n<meta property=\"article:modified_time\" content=\"2026-01-20T14:33:57+00:00\" \/>\n<meta property=\"og:image\" content=\"http:\/\/keba-voyance.fr\/wp-content\/uploads\/2026\/01\/10.jpeg\" \/>\n<meta name=\"twitter:card\" content=\"summary_large_image\" \/>\n<meta name=\"twitter:label1\" content=\"Dur\u00e9e de lecture estim\u00e9e\" \/>\n\t<meta name=\"twitter:data1\" content=\"3 minutes\" \/>\n<script type=\"application\/ld+json\" class=\"yoast-schema-graph\">{\"@context\":\"https:\/\/schema.org\",\"@graph\":[{\"@type\":\"WebPage\",\"@id\":\"http:\/\/keba-voyance.fr\/index.php\/blog\/\",\"url\":\"http:\/\/keba-voyance.fr\/index.php\/blog\/\",\"name\":\"Blog - Professeur Keba voyant africain\",\"isPartOf\":{\"@id\":\"https:\/\/keba-voyance.fr\/#website\"},\"primaryImageOfPage\":{\"@id\":\"http:\/\/keba-voyance.fr\/index.php\/blog\/#primaryimage\"},\"image\":{\"@id\":\"http:\/\/keba-voyance.fr\/index.php\/blog\/#primaryimage\"},\"thumbnailUrl\":\"http:\/\/keba-voyance.fr\/wp-content\/uploads\/2026\/01\/10.jpeg\",\"datePublished\":\"2026-01-19T15:30:57+00:00\",\"dateModified\":\"2026-01-20T14:33:57+00:00\",\"breadcrumb\":{\"@id\":\"http:\/\/keba-voyance.fr\/index.php\/blog\/#breadcrumb\"},\"inLanguage\":\"fr-FR\",\"potentialAction\":[{\"@type\":\"ReadAction\",\"target\":[\"http:\/\/keba-voyance.fr\/index.php\/blog\/\"]}]},{\"@type\":\"ImageObject\",\"inLanguage\":\"fr-FR\",\"@id\":\"http:\/\/keba-voyance.fr\/index.php\/blog\/#primaryimage\",\"url\":\"http:\/\/keba-voyance.fr\/wp-content\/uploads\/2026\/01\/10.jpeg\",\"contentUrl\":\"http:\/\/keba-voyance.fr\/wp-content\/uploads\/2026\/01\/10.jpeg\",\"width\":719,\"height\":648},{\"@type\":\"BreadcrumbList\",\"@id\":\"http:\/\/keba-voyance.fr\/index.php\/blog\/#breadcrumb\",\"itemListElement\":[{\"@type\":\"ListItem\",\"position\":1,\"name\":\"Accueil\",\"item\":\"https:\/\/keba-voyance.fr\/\"},{\"@type\":\"ListItem\",\"position\":2,\"name\":\"Blog\"}]},{\"@type\":\"WebSite\",\"@id\":\"https:\/\/keba-voyance.fr\/#website\",\"url\":\"https:\/\/keba-voyance.fr\/\",\"name\":\"Professeur Keba voyant africain\",\"description\":\"Votre satisfaction est notre priorit\u00e9\",\"publisher\":{\"@id\":\"https:\/\/keba-voyance.fr\/#organization\"},\"potentialAction\":[{\"@type\":\"SearchAction\",\"target\":{\"@type\":\"EntryPoint\",\"urlTemplate\":\"https:\/\/keba-voyance.fr\/?s={search_term_string}\"},\"query-input\":{\"@type\":\"PropertyValueSpecification\",\"valueRequired\":true,\"valueName\":\"search_term_string\"}}],\"inLanguage\":\"fr-FR\"},{\"@type\":\"Organization\",\"@id\":\"https:\/\/keba-voyance.fr\/#organization\",\"name\":\"Professeur Keba voyant africain\",\"url\":\"https:\/\/keba-voyance.fr\/\",\"logo\":{\"@type\":\"ImageObject\",\"inLanguage\":\"fr-FR\",\"@id\":\"https:\/\/keba-voyance.fr\/#\/schema\/logo\/image\/\",\"url\":\"http:\/\/keba-voyance.fr\/wp-content\/uploads\/2026\/01\/Logo-mystique-de-Professeur-Keba.png\",\"contentUrl\":\"http:\/\/keba-voyance.fr\/wp-content\/uploads\/2026\/01\/Logo-mystique-de-Professeur-Keba.png\",\"width\":1024,\"height\":1024,\"caption\":\"Professeur Keba voyant africain\"},\"image\":{\"@id\":\"https:\/\/keba-voyance.fr\/#\/schema\/logo\/image\/\"}}]}<\/script>\n<!-- \/ Yoast SEO plugin. -->","yoast_head_json":{"title":"Blog - Professeur Keba voyant africain","robots":{"index":"index","follow":"follow","max-snippet":"max-snippet:-1","max-image-preview":"max-image-preview:large","max-video-preview":"max-video-preview:-1"},"canonical":"http:\/\/keba-voyance.fr\/index.php\/blog\/","og_locale":"fr_FR","og_type":"article","og_title":"Blog - Professeur Keba voyant africain","og_url":"http:\/\/keba-voyance.fr\/index.php\/blog\/","og_site_name":"Professeur Keba voyant africain","article_modified_time":"2026-01-20T14:33:57+00:00","og_image":[{"url":"http:\/\/keba-voyance.fr\/wp-content\/uploads\/2026\/01\/10.jpeg","type":"","width":"","height":""}],"twitter_card":"summary_large_image","twitter_misc":{"Dur\u00e9e de lecture estim\u00e9e":"3 minutes"},"schema":{"@context":"https:\/\/schema.org","@graph":[{"@type":"WebPage","@id":"http:\/\/keba-voyance.fr\/index.php\/blog\/","url":"http:\/\/keba-voyance.fr\/index.php\/blog\/","name":"Blog - Professeur Keba voyant africain","isPartOf":{"@id":"https:\/\/keba-voyance.fr\/#website"},"primaryImageOfPage":{"@id":"http:\/\/keba-voyance.fr\/index.php\/blog\/#primaryimage"},"image":{"@id":"http:\/\/keba-voyance.fr\/index.php\/blog\/#primaryimage"},"thumbnailUrl":"http:\/\/keba-voyance.fr\/wp-content\/uploads\/2026\/01\/10.jpeg","datePublished":"2026-01-19T15:30:57+00:00","dateModified":"2026-01-20T14:33:57+00:00","breadcrumb":{"@id":"http:\/\/keba-voyance.fr\/index.php\/blog\/#breadcrumb"},"inLanguage":"fr-FR","potentialAction":[{"@type":"ReadAction","target":["http:\/\/keba-voyance.fr\/index.php\/blog\/"]}]},{"@type":"ImageObject","inLanguage":"fr-FR","@id":"http:\/\/keba-voyance.fr\/index.php\/blog\/#primaryimage","url":"http:\/\/keba-voyance.fr\/wp-content\/uploads\/2026\/01\/10.jpeg","contentUrl":"http:\/\/keba-voyance.fr\/wp-content\/uploads\/2026\/01\/10.jpeg","width":719,"height":648},{"@type":"BreadcrumbList","@id":"http:\/\/keba-voyance.fr\/index.php\/blog\/#breadcrumb","itemListElement":[{"@type":"ListItem","position":1,"name":"Accueil","item":"https:\/\/keba-voyance.fr\/"},{"@type":"ListItem","position":2,"name":"Blog"}]},{"@type":"WebSite","@id":"https:\/\/keba-voyance.fr\/#website","url":"https:\/\/keba-voyance.fr\/","name":"Professeur Keba voyant africain","description":"Votre satisfaction est notre priorit\u00e9","publisher":{"@id":"https:\/\/keba-voyance.fr\/#organization"},"potentialAction":[{"@type":"SearchAction","target":{"@type":"EntryPoint","urlTemplate":"https:\/\/keba-voyance.fr\/?s={search_term_string}"},"query-input":{"@type":"PropertyValueSpecification","valueRequired":true,"valueName":"search_term_string"}}],"inLanguage":"fr-FR"},{"@type":"Organization","@id":"https:\/\/keba-voyance.fr\/#organization","name":"Professeur Keba voyant africain","url":"https:\/\/keba-voyance.fr\/","logo":{"@type":"ImageObject","inLanguage":"fr-FR","@id":"https:\/\/keba-voyance.fr\/#\/schema\/logo\/image\/","url":"http:\/\/keba-voyance.fr\/wp-content\/uploads\/2026\/01\/Logo-mystique-de-Professeur-Keba.png","contentUrl":"http:\/\/keba-voyance.fr\/wp-content\/uploads\/2026\/01\/Logo-mystique-de-Professeur-Keba.png","width":1024,"height":1024,"caption":"Professeur Keba voyant africain"},"image":{"@id":"https:\/\/keba-voyance.fr\/#\/schema\/logo\/image\/"}}]}},"_links":{"self":[{"href":"http:\/\/keba-voyance.fr\/index.php\/wp-json\/wp\/v2\/pages\/23","targetHints":{"allow":["GET"]}}],"collection":[{"href":"http:\/\/keba-voyance.fr\/index.php\/wp-json\/wp\/v2\/pages"}],"about":[{"href":"http:\/\/keba-voyance.fr\/index.php\/wp-json\/wp\/v2\/types\/page"}],"author":[{"embeddable":true,"href":"http:\/\/keba-voyance.fr\/index.php\/wp-json\/wp\/v2\/users\/1"}],"replies":[{"embeddable":true,"href":"http:\/\/keba-voyance.fr\/index.php\/wp-json\/wp\/v2\/comments?post=23"}],"version-history":[{"count":5,"href":"http:\/\/keba-voyance.fr\/index.php\/wp-json\/wp\/v2\/pages\/23\/revisions"}],"predecessor-version":[{"id":58,"href":"http:\/\/keba-voyance.fr\/index.php\/wp-json\/wp\/v2\/pages\/23\/revisions\/58"}],"wp:attachment":[{"href":"http:\/\/keba-voyance.fr\/index.php\/wp-json\/wp\/v2\/media?parent=23"}],"curies":[{"name":"wp","href":"https:\/\/api.w.org\/{rel}","templated":true}]}}